{"id":4835,"date":"2025-12-26T16:44:01","date_gmt":"2025-12-26T13:44:01","guid":{"rendered":"https:\/\/sinaambalaj.com.tr\/?post_type=product&#038;p=4835"},"modified":"2025-12-28T20:22:56","modified_gmt":"2025-12-28T17:22:56","slug":"klasik-peynir-ambalaji","status":"publish","type":"product","link":"https:\/\/sinaambalaj.com.tr\/en\/shop\/klasik-peynir-ambalaji\/","title":{"rendered":"klasik peynir ambalaj\u0131"},"content":{"rendered":"<h3 data-start=\"202\" data-end=\"265\">Kendinden Kilitli, Otomatik Etiketli Klasik Peynir Ambalaj\u0131<\/h3>\n<p data-start=\"267\" data-end=\"489\">Klasik peynir ambalajlar\u0131nda <strong data-start=\"296\" data-end=\"314\">yeni bir d\u00f6nem<\/strong> ba\u015flatan bu yenilik\u00e7i ambalaj \u00e7\u00f6z\u00fcm\u00fc; <strong data-start=\"353\" data-end=\"388\">kendinden kilitli kapak sistemi<\/strong>, <strong data-start=\"390\" data-end=\"425\">otomatik etiketleme teknolojisi<\/strong> ve <strong data-start=\"429\" data-end=\"474\">ekstra maliyet olu\u015fturmayan \u00fcretim yap\u0131s\u0131<\/strong> ile \u00f6ne \u00e7\u0131kar.<\/p>\n<h3 data-start=\"491\" data-end=\"526\">Kendinden Kilitli Kapak Sistemi<\/h3>\n<p data-start=\"527\" data-end=\"688\">Bu peynir ambalaj\u0131, kapak ve alt haznenin <strong data-start=\"569\" data-end=\"595\">\u00f6zel kilit mekanizmas\u0131<\/strong> ile birbirine g\u00fcvenli \u015fekilde ba\u011flanmas\u0131n\u0131 sa\u011flar. Kendinden kilitli kapak yap\u0131s\u0131 sayesinde:<\/p>\n<ul data-start=\"689\" data-end=\"817\">\n<li data-start=\"689\" data-end=\"732\">\n<p data-start=\"691\" data-end=\"732\">G\u00fcvenlik band\u0131 kullan\u0131m\u0131na gerek kalmaz<\/p>\n<\/li>\n<li data-start=\"733\" data-end=\"780\">\n<p data-start=\"735\" data-end=\"780\">A\u00e7\u0131lma ve s\u0131zd\u0131rma riski minimuma indirilir<\/p>\n<\/li>\n<li data-start=\"781\" data-end=\"817\">\n<p data-start=\"783\" data-end=\"817\">\u00dcr\u00fcn g\u00fcvenli\u011fi ve hijyen korunur<\/p>\n<\/li>\n<\/ul>\n<p data-start=\"819\" data-end=\"961\">Bu \u00f6zellik, \u00f6zellikle <strong data-start=\"841\" data-end=\"860\">peynir ambalaj\u0131<\/strong>, <strong data-start=\"862\" data-end=\"887\">beyaz peynir ambalaj\u0131<\/strong> ve <strong data-start=\"891\" data-end=\"916\">s\u00fct \u00fcr\u00fcnleri ambalaj\u0131<\/strong> arayan \u00fcreticiler i\u00e7in b\u00fcy\u00fck avantaj sa\u011flar.<\/p>\n<h3 data-start=\"963\" data-end=\"1023\">\u00dcretimde Otomatik Etiketleme \u2013 Ekstra Etiket Masraf\u0131 Yok<\/h3>\n<p data-start=\"1024\" data-end=\"1226\">Ambalaj\u0131n en \u00f6nemli farklar\u0131ndan biri, <strong data-start=\"1063\" data-end=\"1143\">etiketleme s\u00fcrecinin \u00fcretim a\u015famas\u0131nda otomatik olarak ger\u00e7ekle\u015ftirilmesidir<\/strong>. Etiketler, ambalaj \u00fcretim hatt\u0131nda <strong data-start=\"1180\" data-end=\"1225\">otomatik makinelerle bas\u0131l\u0131r ve uygulan\u0131r<\/strong>.<\/p>\n<p data-start=\"1228\" data-end=\"1238\">Bu sayede:<\/p>\n<ul data-start=\"1239\" data-end=\"1360\">\n<li data-start=\"1239\" data-end=\"1280\">\n<p data-start=\"1241\" data-end=\"1280\">Ayr\u0131 etiket bast\u0131rma maliyeti olu\u015fmaz<\/p>\n<\/li>\n<li data-start=\"1281\" data-end=\"1320\">\n<p data-start=\"1283\" data-end=\"1320\">Sonradan etiketleme i\u015flemi gerekmez<\/p>\n<\/li>\n<li data-start=\"1321\" data-end=\"1360\">\n<p data-start=\"1323\" data-end=\"1360\">\u0130\u015f g\u00fcc\u00fc ve zaman tasarrufu sa\u011flan\u0131r<\/p>\n<\/li>\n<\/ul>\n<p data-start=\"1362\" data-end=\"1442\">\u00dcr\u00fcn sahipleri i\u00e7in <strong data-start=\"1382\" data-end=\"1407\">etiket masraf\u0131 yoktur<\/strong> ve operasyonel s\u00fcre\u00e7ler sadele\u015fir.<\/p>\n<h3 data-start=\"1444\" data-end=\"1490\">Premium G\u00f6r\u00fcn\u00fcm ve Ak\u0131ll\u0131 Ambalaj Tasar\u0131m\u0131<\/h3>\n<p data-start=\"1491\" data-end=\"1620\">\u015eeffaf kapak ve renkli alt hazne tasar\u0131m\u0131, \u00fcr\u00fcne <strong data-start=\"1540\" data-end=\"1564\">premium raf g\u00f6r\u00fcn\u00fcm\u00fc<\/strong> kazand\u0131r\u0131r. Modern ve estetik yap\u0131s\u0131 sayesinde \u00fcr\u00fcnler:<\/p>\n<ul data-start=\"1621\" data-end=\"1734\">\n<li data-start=\"1621\" data-end=\"1666\">\n<p data-start=\"1623\" data-end=\"1666\">Market raflar\u0131nda daha dikkat \u00e7ekici olur<\/p>\n<\/li>\n<li data-start=\"1667\" data-end=\"1697\">\n<p data-start=\"1669\" data-end=\"1697\">Marka alg\u0131s\u0131n\u0131 g\u00fc\u00e7lendirir<\/p>\n<\/li>\n<li data-start=\"1698\" data-end=\"1734\">\n<p data-start=\"1700\" data-end=\"1734\">T\u00fcketicide g\u00fcven hissi olu\u015fturur<\/p>\n<\/li>\n<\/ul>\n<p data-start=\"1736\" data-end=\"1865\">Bu \u00f6zellikler, ambalaj\u0131 yaln\u0131zca bir koruma arac\u0131 de\u011fil, ayn\u0131 zamanda <strong data-start=\"1806\" data-end=\"1849\">sat\u0131\u015f\u0131 destekleyen bir pazarlama unsuru<\/strong> h\u00e2line getirir.<\/p>\n<h3 data-start=\"1867\" data-end=\"1891\">Geni\u015f Kullan\u0131m Alan\u0131<\/h3>\n<p data-start=\"1892\" data-end=\"1916\">Bu ambalaj \u00e7\u00f6z\u00fcm\u00fc ba\u015fta:<\/p>\n<ul data-start=\"1917\" data-end=\"2060\">\n<li data-start=\"1917\" data-end=\"1949\">\n<p data-start=\"1919\" data-end=\"1949\">Klasik beyaz peynir ambalaj\u0131<\/p>\n<\/li>\n<li data-start=\"1950\" data-end=\"1976\">\n<p data-start=\"1952\" data-end=\"1976\">Ezine peyniri ambalaj\u0131<\/p>\n<\/li>\n<li data-start=\"1977\" data-end=\"2013\">\n<p data-start=\"1979\" data-end=\"2013\">Olgunla\u015ft\u0131r\u0131lm\u0131\u015f peynir ambalaj\u0131<\/p>\n<\/li>\n<li data-start=\"2014\" data-end=\"2060\">\n<p data-start=\"2016\" data-end=\"2060\">Tereya\u011f\u0131 ve di\u011fer s\u00fct \u00fcr\u00fcnleri ambalajlar\u0131<\/p>\n<\/li>\n<\/ul>\n<p data-start=\"2062\" data-end=\"2106\">olmak \u00fczere bir\u00e7ok g\u0131da \u00fcr\u00fcn\u00fc i\u00e7in uygundur.<\/p>\n<h3 data-start=\"2108\" data-end=\"2122\">Avantajlar<\/h3>\n<ul data-start=\"2123\" data-end=\"2332\">\n<li data-start=\"2123\" data-end=\"2160\">\n<p data-start=\"2125\" data-end=\"2160\">Kendinden kilitli peynir ambalaj\u0131<\/p>\n<\/li>\n<li data-start=\"2161\" data-end=\"2198\">\n<p data-start=\"2163\" data-end=\"2198\">G\u00fcvenlik band\u0131 gerektirmeyen yap\u0131<\/p>\n<\/li>\n<li data-start=\"2199\" data-end=\"2236\">\n<p data-start=\"2201\" data-end=\"2236\">Otomatik etiketli ambalaj sistemi<\/p>\n<\/li>\n<li data-start=\"2237\" data-end=\"2271\">\n<p data-start=\"2239\" data-end=\"2271\">Ekstra etiketleme maliyeti yok<\/p>\n<\/li>\n<li data-start=\"2272\" data-end=\"2301\">\n<p data-start=\"2274\" data-end=\"2301\">Premium ve modern tasar\u0131m<\/p>\n<\/li>\n<li data-start=\"2302\" data-end=\"2332\">\n<p data-start=\"2304\" data-end=\"2332\">Zaman ve i\u015f g\u00fcc\u00fc tasarrufu<\/p>\n<\/li>\n<\/ul>\n<h3 data-start=\"2334\" data-end=\"2363\">Neden Bu Peynir Ambalaj\u0131?<\/h3>\n<p data-start=\"2364\" data-end=\"2624\">Bu \u00fcr\u00fcn, <strong data-start=\"2373\" data-end=\"2402\">peynir ambalaj\u0131 fiyatlar\u0131<\/strong>, <strong data-start=\"2404\" data-end=\"2432\">etiketli peynir ambalaj\u0131<\/strong>, <strong data-start=\"2434\" data-end=\"2461\">g\u00fcvenli peynir ambalaj\u0131<\/strong> ve <strong data-start=\"2465\" data-end=\"2496\">yenilik\u00e7i ambalaj \u00e7\u00f6z\u00fcmleri<\/strong> arayan \u00fcreticiler i\u00e7in ideal bir tercihtir.<br data-start=\"2540\" data-end=\"2543\" \/>Tek \u00fcretim s\u00fcreciyle maliyetleri d\u00fc\u015f\u00fcr\u00fcrken, \u00fcr\u00fcn de\u011ferini ve raf g\u00fcc\u00fcn\u00fc art\u0131r\u0131r.<\/p>\n<p data-start=\"2626\" data-end=\"2752\">Klasik peynir ambalaj\u0131nda <strong data-start=\"2652\" data-end=\"2692\">ak\u0131ll\u0131, g\u00fcvenli ve maliyet avantajl\u0131<\/strong> bir \u00e7\u00f6z\u00fcm ar\u0131yorsan\u0131z, bu yeni nesil ambalaj tam size g\u00f6re.<\/p>","protected":false},"excerpt":{"rendered":"<p><strong data-start=\"229\" data-end=\"270\">Klasik peynir ambalaj\u0131nda yeni d\u00f6nem.<\/strong><br data-start=\"270\" data-end=\"273\" \/>Kendinden kilitli kapak yap\u0131s\u0131 sayesinde g\u00fcvenlik band\u0131na ihtiya\u00e7 duymaz.<br data-start=\"346\" data-end=\"349\" \/>Etiketler \u00fcretim s\u0131ras\u0131nda otomatik olarak bas\u0131l\u0131r ve uygulan\u0131r.<br data-start=\"413\" data-end=\"416\" \/>\u00dcr\u00fcn sahibi i\u00e7in ekstra etiketleme maliyeti ve operasyonu yoktur.<br data-start=\"481\" data-end=\"484\" \/>Premium g\u00f6r\u00fcn\u00fcm, ak\u0131ll\u0131 \u00fcretim, d\u00fc\u015f\u00fck maliyet.<\/p>","protected":false},"featured_media":4844,"comment_status":"open","ping_status":"closed","template":"","meta":{"rank_math_lock_modified_date":false,"_joinchat":[]},"product_cat":[166],"product_tag":[],"class_list":{"0":"post-4835","1":"product","2":"type-product","3":"status-publish","4":"has-post-thumbnail","6":"product_cat-peynir-ambalaji","8":"first","9":"instock","10":"taxable","11":"shipping-taxable","12":"purchasable","13":"product-type-variable"},"_links":{"self":[{"href":"https:\/\/sinaambalaj.com.tr\/en\/wp-json\/wp\/v2\/product\/4835","targetHints":{"allow":["GET"]}}],"collection":[{"href":"https:\/\/sinaambalaj.com.tr\/en\/wp-json\/wp\/v2\/product"}],"about":[{"href":"https:\/\/sinaambalaj.com.tr\/en\/wp-json\/wp\/v2\/types\/product"}],"replies":[{"embeddable":true,"href":"https:\/\/sinaambalaj.com.tr\/en\/wp-json\/wp\/v2\/comments?post=4835"}],"wp:featuredmedia":[{"embeddable":true,"href":"https:\/\/sinaambalaj.com.tr\/en\/wp-json\/wp\/v2\/media\/4844"}],"wp:attachment":[{"href":"https:\/\/sinaambalaj.com.tr\/en\/wp-json\/wp\/v2\/media?parent=4835"}],"wp:term":[{"taxonomy":"product_cat","embeddable":true,"href":"https:\/\/sinaambalaj.com.tr\/en\/wp-json\/wp\/v2\/product_cat?post=4835"},{"taxonomy":"product_tag","embeddable":true,"href":"https:\/\/sinaambalaj.com.tr\/en\/wp-json\/wp\/v2\/product_tag?post=4835"}],"curies":[{"name":"wp","href":"https:\/\/api.w.org\/{rel}","templated":true}]}}