{"id":4745,"date":"2025-08-05T22:05:32","date_gmt":"2025-08-05T19:05:32","guid":{"rendered":"https:\/\/sinaambalaj.com.tr\/?post_type=product&#038;p=4745"},"modified":"2025-12-04T14:14:18","modified_gmt":"2025-12-04T11:14:18","slug":"body-sleeve-sleeve-emniyet-bandi-baskili-adet","status":"publish","type":"product","link":"https:\/\/sinaambalaj.com.tr\/en\/shop\/body-sleeve-sleeve-emniyet-bandi-baskili-adet\/","title":{"rendered":"Body Sleeve &#8211; SLEEVE EMN\u0130YET BANDI (Bask\u0131l\u0131) ADET"},"content":{"rendered":"<div class=\"elementor-element elementor-element-3e2e3711 elementor-widget kitify elementor-kitify-wooproduct-datatabs\" data-id=\"3e2e3711\" data-element_type=\"widget\" data-widget_type=\"kitify-wooproduct-datatabs.default\">\n<div class=\"elementor-widget-container\">\n<div class=\"kitify-product-tabs layout-type-default\">\n<div class=\"nova-woocommerce-tabs\">\n<div class=\"tabs-content\" data-tabs-content=\"single_product_tab\">\n<div id=\"panel_description\" class=\"tabs-panel is-active\" role=\"tabpanel\" aria-labelledby=\"panel_description-label\">\n<div class=\"woocommerce-product-details__short-description\">\n<h3 class=\"haru-heading-title haru-heading-title--heading-3\">\u00dcr\u00fcnlerinize \u015eekil Veren M\u00fckemmel Body Sleeve Bask\u0131lar!<\/h3>\n<\/div>\n<\/div>\n<\/div>\n<\/div>\n<\/div>\n<\/div>\n<\/div>","protected":false},"excerpt":{"rendered":"<div class=\"wpcf7 no-js\" id=\"wpcf7-f2012-o1\" lang=\"en-US\" dir=\"ltr\">\n<div class=\"screen-reader-response\">\n<p role=\"status\" aria-live=\"polite\" aria-atomic=\"true\">\n<ul><\/ul>\n<\/div>\n<form action=\"\/wp-json\/wp\/v2\/product\/4745\" method=\"post\" class=\"wpcf7-form init\" aria-label=\"Contact form\" novalidate=\"novalidate\" data-status=\"init\" data-trp-original-action=\"\/en\/wp-json\/wp\/v2\/product\/4745#wpcf7-f2012-o1\">\n<div style=\"display: none;\">\n<input type=\"hidden\" name=\"_wpcf7\" value=\"2012\" \/><br \/>\n<input type=\"hidden\" name=\"_wpcf7_version\" value=\"5.9.8\" \/><br \/>\n<input type=\"hidden\" name=\"_wpcf7_locale\" value=\"en_US\" \/><br \/>\n<input type=\"hidden\" name=\"_wpcf7_unit_tag\" value=\"wpcf7-f2012-o1\" \/><br \/>\n<input type=\"hidden\" name=\"_wpcf7_container_post\" value=\"0\" \/><br \/>\n<input type=\"hidden\" name=\"_wpcf7_posted_data_hash\" value=\"\" \/>\n<\/div>\n<h2>Sipari\u015f Formu<br \/>\n<\/h2>\n<p><label>Geni\u015flik (Tek kat) (cm)<br \/>\n<span class=\"wpcf7-form-control-wrap\" data-name=\"width\"><input class=\"wpcf7-form-control wpcf7-number wpcf7-validates-as-required wpcf7-validates-as-number\" min=\"0.5\" max=\"50\" step=\"0.01\" aria-required=\"true\" aria-invalid=\"false\" value=\"\" type=\"number\" name=\"width\" \/><\/span><br \/>\n<\/label>\n<\/p>\n<p><label>Uzunluk (cm)<br \/>\n<span class=\"wpcf7-form-control-wrap\" data-name=\"length\"><input class=\"wpcf7-form-control wpcf7-number wpcf7-validates-as-required wpcf7-validates-as-number\" min=\"0.5\" max=\"50\" step=\"0.01\" aria-required=\"true\" aria-invalid=\"false\" value=\"\" type=\"number\" name=\"length\" \/><\/span><br \/>\n<\/label>\n<\/p>\n<p><label>Talep Edilen Miktar<br \/>\n<span class=\"wpcf7-form-control-wrap\" data-name=\"quantity\"><input class=\"wpcf7-form-control wpcf7-number wpcf7-validates-as-required wpcf7-validates-as-number\" min=\"1\" aria-required=\"true\" aria-invalid=\"false\" value=\"\" type=\"number\" name=\"quantity\" \/><\/span><br \/>\n<\/label>\n<\/p>\n<p><label>Ad Soyad<br \/>\n<span class=\"wpcf7-form-control-wrap\" data-name=\"fullname\"><input size=\"40\" maxlength=\"400\" class=\"wpcf7-form-control wpcf7-text wpcf7-validates-as-required\" aria-required=\"true\" aria-invalid=\"false\" value=\"\" type=\"text\" name=\"fullname\" \/><\/span><br \/>\n<\/label>\n<\/p>\n<p><label>Telefon<br \/>\n<span class=\"wpcf7-form-control-wrap\" data-name=\"phone\"><input size=\"40\" maxlength=\"400\" class=\"wpcf7-form-control wpcf7-tel wpcf7-validates-as-required wpcf7-text wpcf7-validates-as-tel\" aria-required=\"true\" aria-invalid=\"false\" value=\"\" type=\"tel\" name=\"phone\" \/><\/span><br \/>\n<\/label>\n<\/p>\n<p><label>E-posta<br \/>\n<span class=\"wpcf7-form-control-wrap\" data-name=\"email\"><input size=\"40\" maxlength=\"400\" class=\"wpcf7-form-control wpcf7-email wpcf7-validates-as-required wpcf7-text wpcf7-validates-as-email\" aria-required=\"true\" aria-invalid=\"false\" value=\"\" type=\"email\" name=\"email\" \/><\/span><br \/>\n<\/label>\n<\/p>\n<p><input class=\"wpcf7-form-control wpcf7-submit has-spinner\" type=\"submit\" value=\"G\u00f6nder\" \/>\n<\/p>\n<div class=\"wpcf7-response-output\" aria-hidden=\"true\"><\/div>\n<input type=\"hidden\" name=\"trp-form-language\" value=\"en\"\/><\/form>\n<\/div>","protected":false},"featured_media":4467,"comment_status":"open","ping_status":"closed","template":"","meta":{"rank_math_lock_modified_date":false,"_joinchat":[]},"product_cat":[163],"product_tag":[],"class_list":{"0":"post-4745","1":"product","2":"type-product","3":"status-publish","4":"has-post-thumbnail","6":"product_cat-body-sleeve-sleeve-emniyet-bandi","8":"first","9":"instock","10":"taxable","11":"shipping-taxable","12":"product-type-simple"},"_links":{"self":[{"href":"https:\/\/sinaambalaj.com.tr\/en\/wp-json\/wp\/v2\/product\/4745","targetHints":{"allow":["GET"]}}],"collection":[{"href":"https:\/\/sinaambalaj.com.tr\/en\/wp-json\/wp\/v2\/product"}],"about":[{"href":"https:\/\/sinaambalaj.com.tr\/en\/wp-json\/wp\/v2\/types\/product"}],"replies":[{"embeddable":true,"href":"https:\/\/sinaambalaj.com.tr\/en\/wp-json\/wp\/v2\/comments?post=4745"}],"wp:featuredmedia":[{"embeddable":true,"href":"https:\/\/sinaambalaj.com.tr\/en\/wp-json\/wp\/v2\/media\/4467"}],"wp:attachment":[{"href":"https:\/\/sinaambalaj.com.tr\/en\/wp-json\/wp\/v2\/media?parent=4745"}],"wp:term":[{"taxonomy":"product_cat","embeddable":true,"href":"https:\/\/sinaambalaj.com.tr\/en\/wp-json\/wp\/v2\/product_cat?post=4745"},{"taxonomy":"product_tag","embeddable":true,"href":"https:\/\/sinaambalaj.com.tr\/en\/wp-json\/wp\/v2\/product_tag?post=4745"}],"curies":[{"name":"wp","href":"https:\/\/api.w.org\/{rel}","templated":true}]}}