{"id":4489,"date":"2025-07-23T16:12:29","date_gmt":"2025-07-23T13:12:29","guid":{"rendered":"https:\/\/sinaambalaj.com.tr\/?post_type=product&#038;p=4489"},"modified":"2025-11-04T21:51:48","modified_gmt":"2025-11-04T18:51:48","slug":"body-sleeve-sleeve-emniyet-bandi-baskiziadet","status":"publish","type":"product","link":"https:\/\/sinaambalaj.com.tr\/en\/shop\/body-sleeve-sleeve-emniyet-bandi-baskiziadet\/","title":{"rendered":"Body Sleeve &#8211; SLEEVE EMN\u0130YET BANDI (Bask\u0131s\u0131z) KG"},"content":{"rendered":"<div class=\"elementor-element elementor-element-3e2e3711 elementor-widget kitify elementor-kitify-wooproduct-datatabs\" data-id=\"3e2e3711\" data-element_type=\"widget\" data-widget_type=\"kitify-wooproduct-datatabs.default\">\n<div class=\"elementor-widget-container\">\n<div class=\"kitify-product-tabs layout-type-default\">\n<div class=\"nova-woocommerce-tabs\">\n<div class=\"tabs-content\" data-tabs-content=\"single_product_tab\">\n<div id=\"panel_description\" class=\"tabs-panel is-active\" role=\"tabpanel\" aria-labelledby=\"panel_description-label\">\n<div class=\"woocommerce-product-details__short-description\">\n<h3 class=\"haru-heading-title haru-heading-title--heading-3\">\u00dcr\u00fcnlerinize \u015eekil Veren M\u00fckemmel Body Sleeve Bask\u0131lar!<\/h3>\n<\/div>\n<\/div>\n<\/div>\n<\/div>\n<\/div>\n<\/div>\n<\/div>","protected":false},"excerpt":{"rendered":"<p>\u00dcr\u00fcnlerinize \u015eekil Veren M\u00fckemmel Body Sleeve Bask\u0131lar!<\/p>","protected":false},"featured_media":4754,"comment_status":"open","ping_status":"closed","template":"","meta":{"rank_math_lock_modified_date":false,"_joinchat":[]},"product_cat":[163],"product_tag":[],"class_list":{"0":"post-4489","1":"product","2":"type-product","3":"status-publish","4":"has-post-thumbnail","6":"product_cat-body-sleeve-sleeve-emniyet-bandi","8":"first","9":"instock","10":"taxable","11":"shipping-taxable","12":"purchasable","13":"product-type-simple"},"_links":{"self":[{"href":"https:\/\/sinaambalaj.com.tr\/en\/wp-json\/wp\/v2\/product\/4489","targetHints":{"allow":["GET"]}}],"collection":[{"href":"https:\/\/sinaambalaj.com.tr\/en\/wp-json\/wp\/v2\/product"}],"about":[{"href":"https:\/\/sinaambalaj.com.tr\/en\/wp-json\/wp\/v2\/types\/product"}],"replies":[{"embeddable":true,"href":"https:\/\/sinaambalaj.com.tr\/en\/wp-json\/wp\/v2\/comments?post=4489"}],"wp:featuredmedia":[{"embeddable":true,"href":"https:\/\/sinaambalaj.com.tr\/en\/wp-json\/wp\/v2\/media\/4754"}],"wp:attachment":[{"href":"https:\/\/sinaambalaj.com.tr\/en\/wp-json\/wp\/v2\/media?parent=4489"}],"wp:term":[{"taxonomy":"product_cat","embeddable":true,"href":"https:\/\/sinaambalaj.com.tr\/en\/wp-json\/wp\/v2\/product_cat?post=4489"},{"taxonomy":"product_tag","embeddable":true,"href":"https:\/\/sinaambalaj.com.tr\/en\/wp-json\/wp\/v2\/product_tag?post=4489"}],"curies":[{"name":"wp","href":"https:\/\/api.w.org\/{rel}","templated":true}]}}