{"id":4478,"date":"2025-07-22T14:33:43","date_gmt":"2025-07-22T11:33:43","guid":{"rendered":"https:\/\/sinaambalaj.com.tr\/?post_type=product&#038;p=4478"},"modified":"2025-12-04T14:21:06","modified_gmt":"2025-12-04T11:21:06","slug":"petopp-lamineli-rulo-kg","status":"publish","type":"product","link":"https:\/\/sinaambalaj.com.tr\/en\/shop\/petopp-lamineli-rulo-kg\/","title":{"rendered":"PET+OPP LAM\u0130NEL\u0130 RULO kg"},"content":{"rendered":"<div class=\"elementor-element elementor-element-3e2e3711 elementor-widget kitify elementor-kitify-wooproduct-datatabs\" data-id=\"3e2e3711\" data-element_type=\"widget\" data-widget_type=\"kitify-wooproduct-datatabs.default\">\n<div class=\"elementor-widget-container\">\n<div class=\"kitify-product-tabs layout-type-default\">\n<div class=\"nova-woocommerce-tabs\">\n<div class=\"tabs-content\" data-tabs-content=\"single_product_tab\">\n<div id=\"panel_description\" class=\"tabs-panel is-active\" role=\"tabpanel\" aria-labelledby=\"panel_description-label\">\n<div class=\"woocommerce-product-details__short-description\">\n<p>PET+OPP LAM\u0130NASYONLU RULO BEL\u0130RT\u0130LEN M\u0130KRONLARDA \u00dcRET\u0130LMEKTED\u0130R.<\/p>\n<p>Ayr\u0131ca g\u0131daya uyumlu olmas\u0131 sebebiyle de g\u0131da \u00fcreticileri taraf\u0131ndan tercih edilir.<\/p>\n<p>\u00dcr\u00fcn\u00fcn \u015feffaf olmas\u0131 al\u0131nacak \u00fcr\u00fcn\u00fcn paket a\u00e7\u0131lmadan te\u015fhirini sa\u011flar.<\/p>\n<p>\u00d6l\u00e7\u00fc tablosunda belirtilen ebatlarda \u00fcretimi yap\u0131lmaktad\u0131r.<\/p>\n<\/div>\n<div class=\"yith-wcwl-add-to-wishlist add-to-wishlist-997\"><\/div>\n<\/div>\n<\/div>\n<\/div>\n<\/div>\n<\/div>\n<\/div>","protected":false},"excerpt":{"rendered":"<p>PET+OPP LAM\u0130NASYONLU RULO BEL\u0130RT\u0130LEN M\u0130KRONLARDA \u00dcRET\u0130LMEKTED\u0130R. Ayr\u0131ca g\u0131daya uyumlu olmas\u0131 sebebiyle de g\u0131da \u00fcreticileri taraf\u0131ndan tercih edilir. \u00dcr\u00fcn\u00fcn \u015feffaf olmas\u0131 al\u0131nacak \u00fcr\u00fcn\u00fcn paket a\u00e7\u0131lmadan te\u015fhirini sa\u011flar. \u00d6l\u00e7\u00fc tablosunda belirtilen ebatlarda \u00fcretimi yap\u0131lmaktad\u0131r.<\/p>","protected":false},"featured_media":2957,"comment_status":"open","ping_status":"closed","template":"","meta":{"rank_math_lock_modified_date":false,"_joinchat":[]},"product_cat":[149],"product_tag":[],"class_list":{"0":"post-4478","1":"product","2":"type-product","3":"status-publish","4":"has-post-thumbnail","6":"product_cat-laminasyonlu-filmleri","7":"wcpa_has_options","9":"first","10":"instock","11":"taxable","12":"shipping-taxable","13":"purchasable","14":"product-type-simple"},"_links":{"self":[{"href":"https:\/\/sinaambalaj.com.tr\/en\/wp-json\/wp\/v2\/product\/4478","targetHints":{"allow":["GET"]}}],"collection":[{"href":"https:\/\/sinaambalaj.com.tr\/en\/wp-json\/wp\/v2\/product"}],"about":[{"href":"https:\/\/sinaambalaj.com.tr\/en\/wp-json\/wp\/v2\/types\/product"}],"replies":[{"embeddable":true,"href":"https:\/\/sinaambalaj.com.tr\/en\/wp-json\/wp\/v2\/comments?post=4478"}],"wp:featuredmedia":[{"embeddable":true,"href":"https:\/\/sinaambalaj.com.tr\/en\/wp-json\/wp\/v2\/media\/2957"}],"wp:attachment":[{"href":"https:\/\/sinaambalaj.com.tr\/en\/wp-json\/wp\/v2\/media?parent=4478"}],"wp:term":[{"taxonomy":"product_cat","embeddable":true,"href":"https:\/\/sinaambalaj.com.tr\/en\/wp-json\/wp\/v2\/product_cat?post=4478"},{"taxonomy":"product_tag","embeddable":true,"href":"https:\/\/sinaambalaj.com.tr\/en\/wp-json\/wp\/v2\/product_tag?post=4478"}],"curies":[{"name":"wp","href":"https:\/\/api.w.org\/{rel}","templated":true}]}}