{"id":4305,"date":"2024-11-13T12:33:19","date_gmt":"2024-11-13T09:33:19","guid":{"rendered":"https:\/\/sinaambalaj.com.tr\/?page_id=4305"},"modified":"2024-11-14T13:06:04","modified_gmt":"2024-11-14T10:06:04","slug":"baskili-kargo-poseti","status":"publish","type":"page","link":"https:\/\/sinaambalaj.com.tr\/en\/baskili-kargo-poseti\/","title":{"rendered":"BASKILI KARGO PO\u015eET\u0130"},"content":{"rendered":"<div data-elementor-type=\"wp-page\" data-elementor-id=\"4305\" class=\"elementor elementor-4305\">\n\t\t\t\t<div class=\"elementor-element elementor-element-1581bfd e-con-full e-flex e-con e-parent\" data-id=\"1581bfd\" data-element_type=\"container\">\n\t\t\t\t<div class=\"elementor-element elementor-element-59103d2 elementor-widget elementor-widget-slider_revolution\" data-id=\"59103d2\" data-element_type=\"widget\" data-widget_type=\"slider_revolution.default\">\n\t\t\t\t<div class=\"elementor-widget-container\">\n\t\t\t\n\t\t<div class=\"wp-block-themepunch-revslider\">\n\t\t\t\t<p class=\"rs-p-wp-fix\"><\/p>\n\t\t\t\t<sr7-module data-alias=\"slider-1\" data-id=\"1\" id=\"SR7_1_1\" class=\"rs-ov-hidden\" data-version=\"6.7.15\">\n\t\t\t\t\t<sr7-adjuster><\/sr7-adjuster>\n\t\t\t\t\t<sr7-content>\n\t\t\t\t\t\t<sr7-slide id=\"SR7_1_1-1\" data-key=\"1\">\n\t\t\t\t\t\t\t<sr7-bg id=\"SR7_1_1-1-1\" class=\"sr7-layer\"><noscript><img decoding=\"async\" src=\"https:\/\/sinaambalaj.com.tr\/wp-content\/uploads\/2024\/11\/Black-Red-Minimalist-Fashion-Product-Introduction-Landscape-Banner-scaled.jpg\" alt=\"\" title=\"Black Red Minimalist Fashion Product Introduction Landscape Banner\"><\/noscript><\/sr7-bg>\n\t\t\t\t\t\t<\/sr7-slide>\n\t\t\t\t\t\t<sr7-slide id=\"SR7_1_1-2\" data-key=\"2\">\n\t\t\t\t\t\t<\/sr7-slide>\n\t\t\t\t\t<\/sr7-content>\n\t\t\t\t\t<image_lists style=\"display:none\">\n\t\t\t\t\t\t<img data-src=\"\/\/sinaambalaj.com.tr\/wp-content\/uploads\/2024\/11\/Black-Red-Minimalist-Fashion-Product-Introduction-Landscape-Banner-scaled.jpg\" data-libid=\"4366\" data-lib=\"medialibrary\" title=\"Black Red Minimalist Fashion Product Introduction Landscape Banner\" width=\"0\" height=\"0\" data-dbsrc=\"Ly9zaW5hYW1iYWxhai5jb20udHIvd3AtY29udGVudC91cGxvYWRzLzIwMjQvMTEvQmxhY2stUmVkLU1pbmltYWxpc3QtRmFzaGlvbi1Qcm9kdWN0LUludHJvZHVjdGlvbi1MYW5kc2NhcGUtQmFubmVyLXNjYWxlZC5qcGc=\"\/>\n\t\t\t\t\t<\/image_lists>\n\t\t\t\t<\/sr7-module>\n\t\t\t\t<script>\n\t\t\t\t\tSR7.PMH ??={}; SR7.PMH[\"SR7_1_1\"] = {cn:0,state:false,fn: function() { if (_tpt!==undefined && _tpt.prepareModuleHeight !== undefined) {  _tpt.prepareModuleHeight({id:\"SR7_1_1\",el:[700,700,768,960,720],type:'standard',shdw:'0',gh:[700,700,,,],gw:[1382,1382,,,],vpt:['100px'],size:{fullWidth:true, fullHeight:false},mh:'0',onh:0,onw:0,bg:{color:'{\"orig\":\"transparent\",\"type\":\"solid\",\"string\":\"transparent\"}'}});   SR7.PMH[\"SR7_1_1\"].state=true;} else if((SR7.PMH[\"SR7_1_1\"].cn++)<100)\tsetTimeout( SR7.PMH[\"SR7_1_1\"].fn,19);}};SR7.PMH[\"SR7_1_1\" ].fn();\n\t\t\t\t<\/script>\n<\/div>\n\n\t\t\t\t<\/div>\n\t\t\t\t<\/div>\n\t\t\t\t<\/div>\n\t\t<div class=\"elementor-element elementor-element-b42eba2 e-con-full e-flex e-con e-parent\" data-id=\"b42eba2\" data-element_type=\"container\">\n\t\t<div class=\"elementor-element elementor-element-00099d8 e-con-full e-flex e-con e-child\" data-id=\"00099d8\" data-element_type=\"container\">\n\t\t\t\t<div class=\"elementor-element elementor-element-094d8f1 elementor-widget__width-initial elementor-invisible elementor-widget elementor-widget-machic-banner-box\" data-id=\"094d8f1\" data-element_type=\"widget\" data-settings=\"{&quot;_animation&quot;:&quot;fadeIn&quot;}\" data-widget_type=\"machic-banner-box.default\">\n\t\t\t\t<div class=\"elementor-widget-container\">\n\t\t\t<div class=\"site-module banner-module\"><div class=\"module-wrapper\"><div class=\"banner dark align-center medium bordered\"><div class=\"banner-content\"><div class=\"banner-content-wrapper\"><h6 class=\"entry-subtitle style-2\"><\/h6><h3 class=\"entry-title\"><\/h3><div class=\"entry-description\"><p><\/p><\/div><div class=\"entry-button\"><\/div><\/div><\/div><div class=\"banner-image\"><img decoding=\"async\" src=\"https:\/\/sinaambalaj.com.tr\/wp-content\/uploads\/2024\/11\/Blue-and-Grey-Minimalist-Fashion-Flash-Sale-Poster.jpg\" alt=\"\"><\/div><a href=\"\"  class=\"overlay-link\"><\/a><\/div><\/div><\/div>\t\t<\/div>\n\t\t\t\t<\/div>\n\t\t\t\t<\/div>\n\t\t<div class=\"elementor-element elementor-element-a61e102 e-con-full e-flex e-con e-child\" data-id=\"a61e102\" data-element_type=\"container\" data-settings=\"{&quot;background_background&quot;:&quot;classic&quot;}\">\n\t\t\t\t<div class=\"elementor-element elementor-element-759066d elementor-widget elementor-widget-wpforms\" data-id=\"759066d\" data-element_type=\"widget\" data-widget_type=\"wpforms.default\">\n\t\t\t\t<div class=\"elementor-widget-container\">\n\t\t\t<style id=\"wpforms-css-vars-root\">\n\t\t\t\t:root {\n\t\t\t\t\t--wpforms-field-border-radius: 3px;\n--wpforms-field-border-style: solid;\n--wpforms-field-border-size: 1px;\n--wpforms-field-background-color: #ffffff;\n--wpforms-field-border-color: rgba( 0, 0, 0, 0.25 );\n--wpforms-field-border-color-spare: rgba( 0, 0, 0, 0.25 );\n--wpforms-field-text-color: rgba( 0, 0, 0, 0.7 );\n--wpforms-field-menu-color: #ffffff;\n--wpforms-label-color: rgba( 0, 0, 0, 0.85 );\n--wpforms-label-sublabel-color: rgba( 0, 0, 0, 0.55 );\n--wpforms-label-error-color: #d63637;\n--wpforms-button-border-radius: 3px;\n--wpforms-button-border-style: none;\n--wpforms-button-border-size: 1px;\n--wpforms-button-background-color: #066aab;\n--wpforms-button-border-color: #066aab;\n--wpforms-button-text-color: #ffffff;\n--wpforms-page-break-color: #066aab;\n--wpforms-background-image: none;\n--wpforms-background-position: center center;\n--wpforms-background-repeat: no-repeat;\n--wpforms-background-size: cover;\n--wpforms-background-width: 100px;\n--wpforms-background-height: 100px;\n--wpforms-background-color: rgba( 0, 0, 0, 0 );\n--wpforms-background-url: none;\n--wpforms-container-padding: 0px;\n--wpforms-container-border-style: none;\n--wpforms-container-border-width: 1px;\n--wpforms-container-border-color: #000000;\n--wpforms-container-border-radius: 3px;\n--wpforms-field-size-input-height: 43px;\n--wpforms-field-size-input-spacing: 15px;\n--wpforms-field-size-font-size: 16px;\n--wpforms-field-size-line-height: 19px;\n--wpforms-field-size-padding-h: 14px;\n--wpforms-field-size-checkbox-size: 16px;\n--wpforms-field-size-sublabel-spacing: 5px;\n--wpforms-field-size-icon-size: 1;\n--wpforms-label-size-font-size: 16px;\n--wpforms-label-size-line-height: 19px;\n--wpforms-label-size-sublabel-font-size: 14px;\n--wpforms-label-size-sublabel-line-height: 17px;\n--wpforms-button-size-font-size: 17px;\n--wpforms-button-size-height: 41px;\n--wpforms-button-size-padding-h: 15px;\n--wpforms-button-size-margin-top: 10px;\n--wpforms-container-shadow-size-box-shadow: none;\n\n\t\t\t\t}\n\t\t\t<\/style><style id=\"wpforms-css-vars-elementor-widget-759066d\">\n\t\t\t\t.elementor-widget-wpforms.elementor-element-759066d {\n\t\t\t\t\t--wpforms-field-size-input-height: 43px;\n--wpforms-field-size-input-spacing: 15px;\n--wpforms-field-size-font-size: 16px;\n--wpforms-field-size-line-height: 19px;\n--wpforms-field-size-padding-h: 14px;\n--wpforms-field-size-checkbox-size: 16px;\n--wpforms-field-size-sublabel-spacing: 5px;\n--wpforms-field-size-icon-size: 1;\n--wpforms-label-size-font-size: 16px;\n--wpforms-label-size-line-height: 19px;\n--wpforms-label-size-sublabel-font-size: 14px;\n--wpforms-label-size-sublabel-line-height: 17px;\n--wpforms-button-size-font-size: 17px;\n--wpforms-button-size-height: 41px;\n--wpforms-button-size-padding-h: 15px;\n--wpforms-button-size-margin-top: 10px;\n\n\t\t\t\t}\n\t\t\t<\/style><div class=\"wpforms-container wpforms-container-full wpforms-render-modern\" id=\"wpforms-4311\"><form id=\"wpforms-form-4311\" class=\"wpforms-validate wpforms-form wpforms-ajax-form\" data-formid=\"4311\" method=\"post\" enctype=\"multipart\/form-data\" action=\"\/wp-json\/wp\/v2\/pages\/4305\" data-token=\"048e8c86bcfed8b836a03f37cf957e5f\" data-token-time=\"1778594498\" data-trp-original-action=\"\/en\/wp-json\/wp\/v2\/pages\/4305\"><div class=\"wpforms-head-container\"><div class=\"wpforms-title\">BASKILI KARGO PO\u015eET\u0130 S\u0130PAR\u0130\u015e FORMU<\/div><\/div><noscript class=\"wpforms-error-noscript\">Please enable JavaScript in your browser to complete this form.<\/noscript><div class=\"wpforms-hidden\" id=\"wpforms-error-noscript\">Please enable JavaScript in your browser to complete this form.<\/div><div class=\"wpforms-field-container\"><div id=\"wpforms-4311-field_1-container\" class=\"wpforms-field wpforms-field-select wpforms-one-third wpforms-field-select-style-classic\" data-field-id=\"1\"><label class=\"wpforms-field-label\" for=\"wpforms-4311-field_1\">EBAT SE\u00c7\u0130N\u0130Z! <span class=\"wpforms-required-label\" aria-hidden=\"true\">*<\/span><\/label><select id=\"wpforms-4311-field_1\" class=\"wpforms-field-large wpforms-field-required\" name=\"wpforms[fields][1]\" required=\"required\"><option value=\"22X30+5\"  selected='selected'>22X30+5<\/option><option value=\"24X30+5\" >24X30+5<\/option><option value=\"30X37,5+5\" >30X37,5+5<\/option><option value=\"35X45+5\" >35X45+5<\/option><option value=\"45X55+5\" >45X55+5<\/option><\/select><\/div><div id=\"wpforms-4311-field_2-container\" class=\"wpforms-field wpforms-field-checkbox wpforms-list-3-columns\" data-field-id=\"2\"><fieldset><legend class=\"wpforms-field-label\">BASKI T\u00dcR\u00dc SE\u00c7\u0130N\u0130Z<\/legend><ul id=\"wpforms-4311-field_2\" class=\"wpforms-image-choices wpforms-image-choices-modern\" data-choice-limit=\"1\"><li class=\"choice-1 depth-1 wpforms-image-choices-item\"><label class=\"wpforms-field-label-inline\" for=\"wpforms-4311-field_2_1\" tabindex=\"0\"><span class=\"wpforms-image-choices-image\"><img decoding=\"async\" src=\"https:\/\/sinaambalaj.com.tr\/wp-content\/uploads\/2024\/11\/IMG-20240702-WA0009.png\" alt=\"zemin rengi \u00fczerine bask\u0131l\u0131\" title=\"zemin rengi \u00fczerine bask\u0131l\u0131\"><\/span><input type=\"checkbox\" id=\"wpforms-4311-field_2_1\" class=\"wpforms-screen-reader-element\" data-rule-check-limit=\"true\" name=\"wpforms[fields][2][]\" value=\"zemin rengi \u00fczerine bask\u0131l\u0131\" aria-errormessage=\"wpforms-4311-field_2_1-error\" tabindex=\"-1\"  ><span class=\"wpforms-image-choices-label\">zemin rengi \u00fczerine bask\u0131l\u0131<\/span><\/label><\/li><li class=\"choice-2 depth-1 wpforms-image-choices-item\"><label class=\"wpforms-field-label-inline\" for=\"wpforms-4311-field_2_2\" tabindex=\"0\"><span class=\"wpforms-image-choices-image\"><img decoding=\"async\" src=\"https:\/\/sinaambalaj.com.tr\/wp-content\/uploads\/2024\/11\/kargo-poseti_003520.png\" alt=\"D\u00fcz gri \u00fczerine bask\u0131l\u0131\" title=\"D\u00fcz gri \u00fczerine bask\u0131l\u0131\"><\/span><input type=\"checkbox\" id=\"wpforms-4311-field_2_2\" class=\"wpforms-screen-reader-element\" data-rule-check-limit=\"true\" name=\"wpforms[fields][2][]\" value=\"D\u00fcz gri \u00fczerine bask\u0131l\u0131\" aria-errormessage=\"wpforms-4311-field_2_2-error\" tabindex=\"-1\"  ><span class=\"wpforms-image-choices-label\">D\u00fcz gri \u00fczerine bask\u0131l\u0131<\/span><\/label><\/li><li class=\"choice-3 depth-1 wpforms-image-choices-item\"><label class=\"wpforms-field-label-inline\" for=\"wpforms-4311-field_2_3\" tabindex=\"0\"><span class=\"wpforms-image-choices-image\"><img decoding=\"async\" src=\"https:\/\/sinaambalaj.com.tr\/wp-content\/uploads\/2024\/11\/24x305-Siyah-Renk-Diger-Yuzu-Seffaf-Baskili-Kargo-Poseti.png\" alt=\"bir taraf\u0131 \u015feffaf bask\u0131l\u0131\" title=\"bir taraf\u0131 \u015feffaf bask\u0131l\u0131\"><\/span><input type=\"checkbox\" id=\"wpforms-4311-field_2_3\" class=\"wpforms-screen-reader-element\" data-rule-check-limit=\"true\" name=\"wpforms[fields][2][]\" value=\"bir taraf\u0131 \u015feffaf bask\u0131l\u0131\" aria-errormessage=\"wpforms-4311-field_2_3-error\" tabindex=\"-1\"  ><span class=\"wpforms-image-choices-label\">bir taraf\u0131 \u015feffaf bask\u0131l\u0131<\/span><\/label><\/li><\/ul><\/fieldset><\/div><div id=\"wpforms-4311-field_3-container\" class=\"wpforms-field wpforms-field-number\" data-field-id=\"3\"><label class=\"wpforms-field-label\" for=\"wpforms-4311-field_3\">TALEP M\u0130KTARI G\u0130R\u0130N\u0130Z!<\/label><input type=\"number\" id=\"wpforms-4311-field_3\" class=\"wpforms-field-medium\" name=\"wpforms[fields][3]\" value=\"1000\" aria-errormessage=\"wpforms-4311-field_3-error\" ><\/div><div id=\"wpforms-4311-field_4-container\" class=\"wpforms-field wpforms-field-name\" data-field-id=\"4\"><fieldset><legend class=\"wpforms-field-label\">Ad\u0131 Soyad\u0131 <span class=\"wpforms-required-label\" aria-hidden=\"true\">*<\/span><\/legend><div class=\"wpforms-field-row wpforms-field-medium\"><div class=\"wpforms-field-row-block wpforms-first wpforms-one-half\"><input type=\"text\" id=\"wpforms-4311-field_4\" class=\"wpforms-field-name-first wpforms-field-required\" name=\"wpforms[fields][4][first]\" aria-errormessage=\"wpforms-4311-field_4-error\" required><label for=\"wpforms-4311-field_4\" class=\"wpforms-field-sublabel after\">First<\/label><\/div><div class=\"wpforms-field-row-block wpforms-one-half\"><input type=\"text\" id=\"wpforms-4311-field_4-last\" class=\"wpforms-field-name-last wpforms-field-required\" name=\"wpforms[fields][4][last]\" aria-errormessage=\"wpforms-4311-field_4-last-error\" required><label for=\"wpforms-4311-field_4-last\" class=\"wpforms-field-sublabel after\">Last<\/label><\/div><\/div><\/fieldset><\/div><div id=\"wpforms-4311-field_5-container\" class=\"wpforms-field wpforms-field-email\" data-field-id=\"5\"><label class=\"wpforms-field-label\" for=\"wpforms-4311-field_5\">E-posta <span class=\"wpforms-required-label\" aria-hidden=\"true\">*<\/span><\/label><input type=\"email\" id=\"wpforms-4311-field_5\" class=\"wpforms-field-medium wpforms-field-required\" name=\"wpforms[fields][5]\" spellcheck=\"false\" aria-errormessage=\"wpforms-4311-field_5-error\" required><\/div><div id=\"wpforms-4311-field_6-container\" class=\"wpforms-field wpforms-field-number\" data-field-id=\"6\"><label class=\"wpforms-field-label\" for=\"wpforms-4311-field_6\">Telefon no:<\/label><input type=\"number\" id=\"wpforms-4311-field_6\" class=\"wpforms-field-medium\" name=\"wpforms[fields][6]\" aria-errormessage=\"wpforms-4311-field_6-error\" ><\/div><\/div><!-- .wpforms-field-container --><div class=\"wpforms-submit-container\" ><input type=\"hidden\" name=\"wpforms[id]\" value=\"4311\"><input type=\"hidden\" name=\"page_title\" value=\"\"><input type=\"hidden\" name=\"page_url\" value=\"https:\/\/sinaambalaj.com.tr\/en\/wp-json\/wp\/v2\/pages\/4305\"><button type=\"submit\" name=\"wpforms[submit]\" id=\"wpforms-submit-4311\" class=\"wpforms-submit\" data-alt-text=\"G\u00f6nderiliyor...\" data-submit-text=\"G\u00f6nder\" aria-live=\"assertive\" value=\"wpforms-submit\">G\u00f6nder<\/button><img decoding=\"async\" src=\"https:\/\/sinaambalaj.com.tr\/wp-content\/plugins\/wpforms-lite\/assets\/images\/submit-spin.svg\" class=\"wpforms-submit-spinner\" style=\"display: none;\" width=\"26\" height=\"26\" alt=\"Loading\"><\/div><input type=\"hidden\" name=\"trp-form-language\" value=\"en\"\/><\/form><\/div>  <!-- .wpforms-container -->\t\t<\/div>\n\t\t\t\t<\/div>\n\t\t\t\t<\/div>\n\t\t\t\t<\/div>\n\t\t\t\t<\/div>","protected":false},"excerpt":{"rendered":"<p>BASKILI KARGO PO\u015eET\u0130 S\u0130PAR\u0130\u015e FORMUBu formu bitirebilmek i\u00e7in taray\u0131c\u0131n\u0131zda JavaScript&#039;i etkinle\u015ftirin.Bu formu bitirebilmek i\u00e7in taray\u0131c\u0131n\u0131zda JavaScript&#039;i etkinle\u015ftirin.EBAT SE\u00c7\u0130N\u0130Z! *22X30+524X30+530X37,5+535X45+545X55+5 BASKI T\u00dcR\u00dc SE\u00c7\u0130N\u0130Z zemin rengi \u00fczerine bask\u0131l\u0131 D\u00fcz gri \u00fczerine bask\u0131l\u0131 bir taraf\u0131 \u015feffaf bask\u0131l\u0131 TALEP M\u0130KTARI G\u0130R\u0130N\u0130Z! Ad\u0131 Soyad\u0131 * AdSoyad E-posta *Telefon no: G\u00f6nder<\/p>","protected":false},"author":1,"featured_media":0,"parent":0,"menu_order":0,"comment_status":"closed","ping_status":"closed","template":"","meta":{"rank_math_lock_modified_date":false,"_joinchat":[],"footnotes":""},"class_list":["post-4305","page","type-page","status-publish","hentry"],"_links":{"self":[{"href":"https:\/\/sinaambalaj.com.tr\/en\/wp-json\/wp\/v2\/pages\/4305","targetHints":{"allow":["GET"]}}],"collection":[{"href":"https:\/\/sinaambalaj.com.tr\/en\/wp-json\/wp\/v2\/pages"}],"about":[{"href":"https:\/\/sinaambalaj.com.tr\/en\/wp-json\/wp\/v2\/types\/page"}],"author":[{"embeddable":true,"href":"https:\/\/sinaambalaj.com.tr\/en\/wp-json\/wp\/v2\/users\/1"}],"replies":[{"embeddable":true,"href":"https:\/\/sinaambalaj.com.tr\/en\/wp-json\/wp\/v2\/comments?post=4305"}],"version-history":[{"count":53,"href":"https:\/\/sinaambalaj.com.tr\/en\/wp-json\/wp\/v2\/pages\/4305\/revisions"}],"predecessor-version":[{"id":4381,"href":"https:\/\/sinaambalaj.com.tr\/en\/wp-json\/wp\/v2\/pages\/4305\/revisions\/4381"}],"wp:attachment":[{"href":"https:\/\/sinaambalaj.com.tr\/en\/wp-json\/wp\/v2\/media?parent=4305"}],"curies":[{"name":"wp","href":"https:\/\/api.w.org\/{rel}","templated":true}]}}