{"id":2685,"date":"2024-08-22T13:03:18","date_gmt":"2024-08-22T10:03:18","guid":{"rendered":"https:\/\/sinaambalaj.com.tr\/?page_id=2685"},"modified":"2024-11-05T11:52:52","modified_gmt":"2024-11-05T08:52:52","slug":"96-adet-baskili-bant","status":"publish","type":"page","link":"https:\/\/sinaambalaj.com.tr\/en\/96-adet-baskili-bant\/","title":{"rendered":"96 PRINTED TAPE"},"content":{"rendered":"<div data-elementor-type=\"wp-page\" data-elementor-id=\"2685\" class=\"elementor elementor-2685\">\n\t\t\t\t<div class=\"elementor-element elementor-element-815fc26 e-flex e-con-boxed e-con e-parent\" data-id=\"815fc26\" data-element_type=\"container\">\n\t\t\t\t\t<div class=\"e-con-inner\">\n\t\t\t\t<div class=\"elementor-element elementor-element-42dd9c6 elementor-widget elementor-widget-spacer\" data-id=\"42dd9c6\" data-element_type=\"widget\" data-widget_type=\"spacer.default\">\n\t\t\t\t<div class=\"elementor-widget-container\">\n\t\t\t\t\t<div class=\"elementor-spacer\">\n\t\t\t<div class=\"elementor-spacer-inner\"><\/div>\n\t\t<\/div>\n\t\t\t\t<\/div>\n\t\t\t\t<\/div>\n\t\t\t\t\t<\/div>\n\t\t\t\t<\/div>\n\t\t<div class=\"elementor-element elementor-element-42e6a8d e-flex e-con-boxed e-con e-parent\" data-id=\"42e6a8d\" data-element_type=\"container\">\n\t\t\t\t\t<div class=\"e-con-inner\">\n\t\t\t\t<div class=\"elementor-element elementor-element-2f7f8dd elementor-widget elementor-widget-machic-category-banner3\" data-id=\"2f7f8dd\" data-element_type=\"widget\" data-widget_type=\"machic-category-banner3.default\">\n\t\t\t\t<div class=\"elementor-widget-container\">\n\t\t\t<div class=\"site-module products-category-module style-4\"><div class=\"module-wrapper\"><div class=\"module-column\"><div class=\"product-category-detail\"><div class=\"categories-list\"><\/div><!-- categories-list --><\/div><!-- product-category-detail --><\/div><!-- module-column --><div class=\"module-column\"><div class=\"category-banner\"><div class=\"banner dark align-center\"><div class=\"banner-content\"><div class=\"banner-content-wrapper\"><h6 class=\"entry-subtitle style-2\">PRINTED TAPE <\/h6><h3 class=\"entry-title\">96 PRINTED TAPE<\/h3><div class=\"entry-description\"><p>96 ADET M\u0130N\u0130MUM S\u0130PAR\u0130\u015e \u0130LE T\u00dcRK\u0130YE&#039;DE \u0130LK<\/p><\/div><!-- entry-description --><div class=\"entry-button\"><a href=\"\"  class=\"btn small rounded link-color\"><\/a><\/div><!-- entry-button --><\/div><!-- banner-content-wrapper --><\/div><!-- banner-content --><div class=\"banner-image\"><img decoding=\"async\" src=\"https:\/\/sinaambalaj.com.tr\/wp-content\/uploads\/2024\/08\/slider-banner2.jpg\" alt=\"\"><\/div><a href=\"\"  class=\"overlay-link\"><\/a><\/div><!-- banner --><\/div><!-- category-banner --><div class=\"products column-3 mobile-2\"><\/div><!-- products --><\/div><!-- column --><\/div><!-- module-wrapper --><\/div><!-- site-module -->\t\t<\/div>\n\t\t\t\t<\/div>\n\t\t\t\t\t<\/div>\n\t\t\t\t<\/div>\n\t\t\t\t<\/div>","protected":false},"excerpt":{"rendered":"<p>BASKILI KOL\u0130 BANDI HAZIR BASKILI BANTLAR (HED\u0130YE &amp; TE\u015eEKK\u00dcR) ( 1 ) BASKILI BANT 96 ADET BASKILI BANT 96 ADET M\u0130N\u0130MUM S\u0130PAR\u0130\u015e \u0130LE T\u00dcRK\u0130YE&#039;DE \u0130LK \u0130stek Listeme ekle!\u0130stek Listemden Kald\u0131r! \u0130stek Listeme ekle! Bask\u0131l\u0131 Koli Band\u0131 70&#215;100 Se\u00e7eneklerSina Ambalaj g\u00fcvencesiyle sunulan 45 mm geni\u015fli\u011finde ve 100 metre uzunlu\u011fundaki Hotmelt bask\u0131l\u0131 koli band\u0131, g\u00fc\u00e7l\u00fc yap\u0131\u015fma \u00f6zelli\u011fi<\/p>\n<div class=\"klb-readmore entry-button\"><a class=\"btn read-more\" href=\"https:\/\/sinaambalaj.com.tr\/en\/96-adet-baskili-bant\/\">Read More<\/a><\/div>","protected":false},"author":1,"featured_media":0,"parent":0,"menu_order":0,"comment_status":"closed","ping_status":"closed","template":"","meta":{"rank_math_lock_modified_date":false,"_joinchat":[],"footnotes":""},"class_list":["post-2685","page","type-page","status-publish","hentry"],"_links":{"self":[{"href":"https:\/\/sinaambalaj.com.tr\/en\/wp-json\/wp\/v2\/pages\/2685","targetHints":{"allow":["GET"]}}],"collection":[{"href":"https:\/\/sinaambalaj.com.tr\/en\/wp-json\/wp\/v2\/pages"}],"about":[{"href":"https:\/\/sinaambalaj.com.tr\/en\/wp-json\/wp\/v2\/types\/page"}],"author":[{"embeddable":true,"href":"https:\/\/sinaambalaj.com.tr\/en\/wp-json\/wp\/v2\/users\/1"}],"replies":[{"embeddable":true,"href":"https:\/\/sinaambalaj.com.tr\/en\/wp-json\/wp\/v2\/comments?post=2685"}],"version-history":[{"count":19,"href":"https:\/\/sinaambalaj.com.tr\/en\/wp-json\/wp\/v2\/pages\/2685\/revisions"}],"predecessor-version":[{"id":4203,"href":"https:\/\/sinaambalaj.com.tr\/en\/wp-json\/wp\/v2\/pages\/2685\/revisions\/4203"}],"wp:attachment":[{"href":"https:\/\/sinaambalaj.com.tr\/en\/wp-json\/wp\/v2\/media?parent=2685"}],"curies":[{"name":"wp","href":"https:\/\/api.w.org\/{rel}","templated":true}]}}