{"id":2684,"date":"2024-08-22T13:03:18","date_gmt":"2024-08-22T10:03:18","guid":{"rendered":"https:\/\/sinaambalaj.com.tr\/?page_id=2684"},"modified":"2024-11-05T11:59:11","modified_gmt":"2024-11-05T08:59:11","slug":"indirimli-urunler","status":"publish","type":"page","link":"https:\/\/sinaambalaj.com.tr\/en\/indirimli-urunler\/","title":{"rendered":"DISCOUNTED PRODUCTS"},"content":{"rendered":"<div data-elementor-type=\"wp-page\" data-elementor-id=\"2684\" class=\"elementor elementor-2684\">\n\t\t\t\t<div class=\"elementor-element elementor-element-9a64237 e-flex e-con-boxed e-con e-parent\" data-id=\"9a64237\" data-element_type=\"container\">\n\t\t\t\t\t<div class=\"e-con-inner\">\n\t\t\t\t<div class=\"elementor-element elementor-element-8ed440f elementor-widget elementor-widget-machic-category-banner3\" data-id=\"8ed440f\" data-element_type=\"widget\" data-widget_type=\"machic-category-banner3.default\">\n\t\t\t\t<div class=\"elementor-widget-container\">\n\t\t\t<div class=\"site-module products-category-module style-4\"><div class=\"module-wrapper\"><div class=\"module-column\"><div class=\"product-category-detail\"><div class=\"categories-list\"><h4 class=\"entry-title\">Laminasyonlu Filmleri<\/h4><\/div><!-- categories-list --><\/div><!-- product-category-detail --><\/div><!-- module-column --><div class=\"module-column\"><div class=\"category-banner\"><div class=\"banner dark align-center\"><div class=\"banner-content\"><div class=\"banner-content-wrapper\"><h6 class=\"entry-subtitle style-2\">%50&#039;ye varan indirimler<\/h6><h3 class=\"entry-title\">\u00c7OK AL AZ \u00d6DE<\/h3><div class=\"entry-description\"><p>Bir \u00e7ok \u00fcr\u00fcnde \u00c7ok al Az \u00f6de Kampanyas\u0131n\u0131 ka\u00e7\u0131rma<\/p><\/div><!-- entry-description --><div class=\"entry-button\"><a href=\"\"  class=\"btn small rounded link-color\"><\/a><\/div><!-- entry-button --><\/div><!-- banner-content-wrapper --><\/div><!-- banner-content --><div class=\"banner-image\"><img decoding=\"async\" src=\"https:\/\/sinaambalaj.com.tr\/wp-content\/uploads\/2024\/09\/ambalaj.png\" alt=\"\"><\/div><a href=\"\"  class=\"overlay-link\"><\/a><\/div><!-- banner --><\/div><!-- category-banner --><div class=\"products column-3 mobile-2\"><div class=\"wcpa_has_options product type-product post-4476 status-publish first instock product_cat-laminasyonlu-filmleri has-post-thumbnail taxable shipping-taxable purchasable product-type-simple\"><div class=\"product-wrapper product-type-1\"><div class=\"product-content\"><div class=\"thumbnail-wrapper\"><a href=\"https:\/\/sinaambalaj.com.tr\/en\/shop\/oppopp-lamineli-rulo-kg\/\"><img decoding=\"async\" src=\"https:\/\/sinaambalaj.com.tr\/wp-content\/uploads\/2024\/09\/pof-shrink-film-tek-katli-15-mic-110-c-03-45c-400x400.png\" alt=\"OPP+OPP LAM\u0130NEL\u0130 RULO kg\"><\/a><div class=\"product-buttons\"><a href=\"https:\/\/sinaambalaj.com.tr\/en\/wishlist\/\" class=\"wishlist klbwl-btn klbwl-btn-4476\" data-product_id=\"4476\" data-product_title=\"OPP+OPP LAM\u0130NEL\u0130 RULO kg\">Add to wishlist<\/a><a data-product_id=\"4476\" class=\"detail-bnt quickview animated\"><i class=\"klbth-icon-eye-empty\"><\/i><\/a><\/div><\/div><div class=\"content-wrapper\"><h3 class=\"product-title\"><a href=\"https:\/\/sinaambalaj.com.tr\/en\/shop\/oppopp-lamineli-rulo-kg\/\">OPP+OPP LAM\u0130NEL\u0130 RULO kg<\/a><\/h3><div class=\"product-price-cart\"><span class=\"price\"><span class=\"woocommerce-Price-amount amount\"><bdi><span class=\"woocommerce-Price-currencySymbol\">&#8378;<\/span>200,11<\/bdi><\/span> <small class=\"woocommerce-price-suffix\">+ VAT<\/small><\/span><a href=\"https:\/\/sinaambalaj.com.tr\/en\/shop\/oppopp-lamineli-rulo-kg\/\" data-quantity=\"150\" class=\"button product_type_simple add_to_cart_button hidden-button wcpa_add_to_cart_button\" data-product_id=\"4476\" data-product_sku=\"\" aria-label=\"Add to cart: \u201cOPP+OPP LAM\u0130NEL\u0130 RULO kg\u201d\" rel=\"nofollow\" data-success_message=\"\u201cOPP+OPP LAM\u0130NEL\u0130 RULO kg\u201d has been added to your cart\" data-no-translation-aria-label=\"\" data-no-translation-data-success_message=\"\"><i class=\"klbth-icon-shop-1\"><\/i> Se\u00e7enekleri se\u00e7in<\/a><\/div><div class=\"product-meta\"><\/div><\/div><\/div><\/div><div class=\"product-content-fade\"><\/div><\/div><div class=\"wcpa_has_options product type-product post-4479 status-publish instock product_cat-laminasyonlu-filmleri has-post-thumbnail taxable shipping-taxable purchasable product-type-simple\"><div class=\"product-wrapper product-type-1\"><div class=\"product-content\"><div class=\"thumbnail-wrapper\"><a href=\"https:\/\/sinaambalaj.com.tr\/en\/shop\/petcpp-lamineli-rulo-kg\/\"><img decoding=\"async\" src=\"https:\/\/sinaambalaj.com.tr\/wp-content\/uploads\/2024\/09\/pof-shrink-film-tek-katli-15-mic-110-c-03-45c-400x400.png\" alt=\"PET+CPP LAM\u0130NEL\u0130 RULO kg\"><\/a><div class=\"product-buttons\"><a href=\"https:\/\/sinaambalaj.com.tr\/en\/wishlist\/\" class=\"wishlist klbwl-btn klbwl-btn-4479\" data-product_id=\"4479\" data-product_title=\"PET+CPP LAM\u0130NEL\u0130 RULO kg\">Add to wishlist<\/a><a data-product_id=\"4479\" class=\"detail-bnt quickview animated\"><i class=\"klbth-icon-eye-empty\"><\/i><\/a><\/div><\/div><div class=\"content-wrapper\"><h3 class=\"product-title\"><a href=\"https:\/\/sinaambalaj.com.tr\/en\/shop\/petcpp-lamineli-rulo-kg\/\">PET+CPP LAM\u0130NEL\u0130 RULO kg<\/a><\/h3><div class=\"product-price-cart\"><span class=\"price\"><span class=\"woocommerce-Price-amount amount\"><bdi><span class=\"woocommerce-Price-currencySymbol\">&#8378;<\/span>200,11<\/bdi><\/span> <small class=\"woocommerce-price-suffix\">+ VAT<\/small><\/span><a href=\"https:\/\/sinaambalaj.com.tr\/en\/shop\/petcpp-lamineli-rulo-kg\/\" data-quantity=\"150\" class=\"button product_type_simple add_to_cart_button hidden-button wcpa_add_to_cart_button\" data-product_id=\"4479\" data-product_sku=\"\" aria-label=\"Add to cart: \u201cPET+CPP LAM\u0130NEL\u0130 RULO kg\u201d\" rel=\"nofollow\" data-success_message=\"\u201cPET+CPP LAM\u0130NEL\u0130 RULO kg\u201d has been added to your cart\" data-no-translation-aria-label=\"\" data-no-translation-data-success_message=\"\"><i class=\"klbth-icon-shop-1\"><\/i> Se\u00e7enekleri se\u00e7in<\/a><\/div><div class=\"product-meta\"><\/div><\/div><\/div><\/div><div class=\"product-content-fade\"><\/div><\/div><div class=\"wcpa_has_options product type-product post-3087 status-publish instock product_cat-laminasyonlu-filmleri has-post-thumbnail taxable shipping-taxable purchasable product-type-simple\"><div class=\"product-wrapper product-type-1\"><div class=\"product-content\"><div class=\"thumbnail-wrapper\"><a href=\"https:\/\/sinaambalaj.com.tr\/en\/shop\/oppcpp-lamineli-rulo\/\"><img decoding=\"async\" src=\"https:\/\/sinaambalaj.com.tr\/wp-content\/uploads\/2024\/09\/pof-shrink-film-tek-katli-15-mic-110-c-03-45c-400x400.png\" alt=\"OPP+CPP LAM\u0130NEL\u0130 RULO kg\"><\/a><div class=\"product-buttons\"><a href=\"https:\/\/sinaambalaj.com.tr\/en\/wishlist\/\" class=\"wishlist klbwl-btn klbwl-btn-3087\" data-product_id=\"3087\" data-product_title=\"OPP+CPP LAM\u0130NEL\u0130 RULO kg\">Add to wishlist<\/a><a data-product_id=\"3087\" class=\"detail-bnt quickview animated\"><i class=\"klbth-icon-eye-empty\"><\/i><\/a><\/div><\/div><div class=\"content-wrapper\"><h3 class=\"product-title\"><a href=\"https:\/\/sinaambalaj.com.tr\/en\/shop\/oppcpp-lamineli-rulo\/\">OPP+CPP LAMINATED ROLL kg<\/a><\/h3><div class=\"product-price-cart\"><span class=\"price\"><span class=\"woocommerce-Price-amount amount\"><bdi><span class=\"woocommerce-Price-currencySymbol\">&#8378;<\/span>200,11<\/bdi><\/span> <small class=\"woocommerce-price-suffix\">+ VAT<\/small><\/span><a href=\"https:\/\/sinaambalaj.com.tr\/en\/shop\/oppcpp-lamineli-rulo\/\" data-quantity=\"150\" class=\"button product_type_simple add_to_cart_button hidden-button wcpa_add_to_cart_button\" data-product_id=\"3087\" data-product_sku=\"\" aria-label=\"Add to cart: \u201cOPP+CPP LAM\u0130NEL\u0130 RULO kg\u201d\" rel=\"nofollow\" data-success_message=\"\u201cOPP+CPP LAM\u0130NEL\u0130 RULO kg\u201d has been added to your cart\" data-no-translation-aria-label=\"\" data-no-translation-data-success_message=\"\"><i class=\"klbth-icon-shop-1\"><\/i> Se\u00e7enekleri se\u00e7in<\/a><\/div><div class=\"product-meta\"><\/div><\/div><\/div><\/div><div class=\"product-content-fade\"><\/div><\/div><div class=\"wcpa_has_options product type-product post-3086 status-publish last instock product_cat-laminasyonlu-filmleri has-post-thumbnail taxable shipping-taxable purchasable product-type-simple\"><div class=\"product-wrapper product-type-1\"><div class=\"product-content\"><div class=\"thumbnail-wrapper\"><a href=\"https:\/\/sinaambalaj.com.tr\/en\/shop\/opp-rulo\/\"><img decoding=\"async\" src=\"https:\/\/sinaambalaj.com.tr\/wp-content\/uploads\/2024\/09\/pof-shrink-film-tek-katli-15-mic-110-c-03-45c-400x400.png\" alt=\"OPP RULO kg\"><\/a><div class=\"product-buttons\"><a href=\"https:\/\/sinaambalaj.com.tr\/en\/wishlist\/\" class=\"wishlist klbwl-btn klbwl-btn-3086\" data-product_id=\"3086\" data-product_title=\"OPP RULO kg\">Add to wishlist<\/a><a data-product_id=\"3086\" class=\"detail-bnt quickview animated\"><i class=\"klbth-icon-eye-empty\"><\/i><\/a><\/div><\/div><div class=\"content-wrapper\"><h3 class=\"product-title\"><a href=\"https:\/\/sinaambalaj.com.tr\/en\/shop\/opp-rulo\/\">OPP ROLL kg<\/a><\/h3><div class=\"product-price-cart\"><span class=\"price\"><span class=\"woocommerce-Price-amount amount\"><bdi><span class=\"woocommerce-Price-currencySymbol\">&#8378;<\/span>164,79<\/bdi><\/span> <small class=\"woocommerce-price-suffix\">+ VAT<\/small><\/span><a href=\"https:\/\/sinaambalaj.com.tr\/en\/shop\/opp-rulo\/\" data-quantity=\"100\" class=\"button product_type_simple add_to_cart_button hidden-button wcpa_add_to_cart_button\" data-product_id=\"3086\" data-product_sku=\"\" aria-label=\"Add to cart: \u201cOPP RULO kg\u201d\" rel=\"nofollow\" data-success_message=\"\u201cOPP RULO kg\u201d has been added to your cart\" data-no-translation-aria-label=\"\" data-no-translation-data-success_message=\"\"><i class=\"klbth-icon-shop-1\"><\/i> Se\u00e7enekleri se\u00e7in<\/a><\/div><div class=\"product-meta\"><\/div><\/div><\/div><\/div><div class=\"product-content-fade\"><\/div><\/div><div class=\"wcpa_has_options product type-product post-4477 status-publish first instock product_cat-laminasyonlu-filmleri has-post-thumbnail taxable shipping-taxable purchasable product-type-simple\"><div class=\"product-wrapper product-type-1\"><div class=\"product-content\"><div class=\"thumbnail-wrapper\"><a href=\"https:\/\/sinaambalaj.com.tr\/en\/shop\/cppcpp-lamineli-rulo-kg\/\"><img decoding=\"async\" src=\"https:\/\/sinaambalaj.com.tr\/wp-content\/uploads\/2024\/09\/pof-shrink-film-tek-katli-15-mic-110-c-03-45c-400x400.png\" alt=\"CPP+CPP LAM\u0130NEL\u0130 RULO kg\"><\/a><div class=\"product-buttons\"><a href=\"https:\/\/sinaambalaj.com.tr\/en\/wishlist\/\" class=\"wishlist klbwl-btn klbwl-btn-4477\" data-product_id=\"4477\" data-product_title=\"CPP+CPP LAM\u0130NEL\u0130 RULO kg\">Add to wishlist<\/a><a data-product_id=\"4477\" class=\"detail-bnt quickview animated\"><i class=\"klbth-icon-eye-empty\"><\/i><\/a><\/div><\/div><div class=\"content-wrapper\"><h3 class=\"product-title\"><a href=\"https:\/\/sinaambalaj.com.tr\/en\/shop\/cppcpp-lamineli-rulo-kg\/\">CPP+CPP LAM\u0130NEL\u0130 RULO kg<\/a><\/h3><div class=\"product-price-cart\"><span class=\"price\"><span class=\"woocommerce-Price-amount amount\"><bdi><span class=\"woocommerce-Price-currencySymbol\">&#8378;<\/span>200,11<\/bdi><\/span> <small class=\"woocommerce-price-suffix\">+ VAT<\/small><\/span><a href=\"https:\/\/sinaambalaj.com.tr\/en\/shop\/cppcpp-lamineli-rulo-kg\/\" data-quantity=\"150\" class=\"button product_type_simple add_to_cart_button hidden-button wcpa_add_to_cart_button\" data-product_id=\"4477\" data-product_sku=\"\" aria-label=\"Add to cart: \u201cCPP+CPP LAM\u0130NEL\u0130 RULO kg\u201d\" rel=\"nofollow\" data-success_message=\"\u201cCPP+CPP LAM\u0130NEL\u0130 RULO kg\u201d has been added to your cart\" data-no-translation-aria-label=\"\" data-no-translation-data-success_message=\"\"><i class=\"klbth-icon-shop-1\"><\/i> Se\u00e7enekleri se\u00e7in<\/a><\/div><div class=\"product-meta\"><\/div><\/div><\/div><\/div><div class=\"product-content-fade\"><\/div><\/div><div class=\"wcpa_has_options product type-product post-4478 status-publish instock product_cat-laminasyonlu-filmleri has-post-thumbnail taxable shipping-taxable purchasable product-type-simple\"><div class=\"product-wrapper product-type-1\"><div class=\"product-content\"><div class=\"thumbnail-wrapper\"><a href=\"https:\/\/sinaambalaj.com.tr\/en\/shop\/petopp-lamineli-rulo-kg\/\"><img decoding=\"async\" src=\"https:\/\/sinaambalaj.com.tr\/wp-content\/uploads\/2024\/09\/pof-shrink-film-tek-katli-15-mic-110-c-03-45c-400x400.png\" alt=\"PET+OPP LAM\u0130NEL\u0130 RULO kg\"><\/a><div class=\"product-buttons\"><a href=\"https:\/\/sinaambalaj.com.tr\/en\/wishlist\/\" class=\"wishlist klbwl-btn klbwl-btn-4478\" data-product_id=\"4478\" data-product_title=\"PET+OPP LAM\u0130NEL\u0130 RULO kg\">Add to wishlist<\/a><a data-product_id=\"4478\" class=\"detail-bnt quickview animated\"><i class=\"klbth-icon-eye-empty\"><\/i><\/a><\/div><\/div><div class=\"content-wrapper\"><h3 class=\"product-title\"><a href=\"https:\/\/sinaambalaj.com.tr\/en\/shop\/petopp-lamineli-rulo-kg\/\">PET+OPP LAM\u0130NEL\u0130 RULO kg<\/a><\/h3><div class=\"product-price-cart\"><span class=\"price\"><span class=\"woocommerce-Price-amount amount\"><bdi><span class=\"woocommerce-Price-currencySymbol\">&#8378;<\/span>200,11<\/bdi><\/span> <small class=\"woocommerce-price-suffix\">+ VAT<\/small><\/span><a href=\"https:\/\/sinaambalaj.com.tr\/en\/shop\/petopp-lamineli-rulo-kg\/\" data-quantity=\"150\" class=\"button product_type_simple add_to_cart_button hidden-button wcpa_add_to_cart_button\" data-product_id=\"4478\" data-product_sku=\"\" aria-label=\"Add to cart: \u201cPET+OPP LAM\u0130NEL\u0130 RULO kg\u201d\" rel=\"nofollow\" data-success_message=\"\u201cPET+OPP LAM\u0130NEL\u0130 RULO kg\u201d has been added to your cart\" data-no-translation-aria-label=\"\" data-no-translation-data-success_message=\"\"><i class=\"klbth-icon-shop-1\"><\/i> Se\u00e7enekleri se\u00e7in<\/a><\/div><div class=\"product-meta\"><\/div><\/div><\/div><\/div><div class=\"product-content-fade\"><\/div><\/div><\/div><!-- products --><\/div><!-- column --><\/div><!-- module-wrapper --><\/div><!-- site-module -->\t\t<\/div>\n\t\t\t\t<\/div>\n\t\t\t\t\t<\/div>\n\t\t\t\t<\/div>\n\t\t\t\t<\/div>","protected":false},"excerpt":{"rendered":"<p>STRE\u00c7 F\u0130LM SHR\u0130NK NAYLON OPP &#8211; CPP RULO KOL\u0130 BANDI AKR\u0130L\u0130K KOL\u0130 BANDI ( 1 ) BASKILI KOL\u0130 BANDI HAZIR BASKILI BANTLAR (HED\u0130YE &amp; TE\u015eEKK\u00dcR) ( 1 ) AL\u0130M\u0130NYUM FOLYO %50&#039;ye varan indirimler \u00c7OK AL AZ \u00d6DE Bir \u00e7ok \u00fcr\u00fcnde \u00c7ok al Az \u00f6de Kampanyas\u0131n\u0131 ka\u00e7\u0131rma \u0130stek Listeme ekle!\u0130stek Listemden Kald\u0131r! \u0130stek Listeme ekle! Shrink<\/p>\n<div class=\"klb-readmore entry-button\"><a class=\"btn read-more\" href=\"https:\/\/sinaambalaj.com.tr\/en\/shop\/petopp-lamineli-rulo-kg\/\">Read More<\/a><\/div>","protected":false},"author":1,"featured_media":0,"parent":0,"menu_order":0,"comment_status":"closed","ping_status":"closed","template":"","meta":{"rank_math_lock_modified_date":false,"_joinchat":[],"footnotes":""},"class_list":["post-2684","page","type-page","status-publish","hentry"],"_links":{"self":[{"href":"https:\/\/sinaambalaj.com.tr\/en\/wp-json\/wp\/v2\/pages\/2684","targetHints":{"allow":["GET"]}}],"collection":[{"href":"https:\/\/sinaambalaj.com.tr\/en\/wp-json\/wp\/v2\/pages"}],"about":[{"href":"https:\/\/sinaambalaj.com.tr\/en\/wp-json\/wp\/v2\/types\/page"}],"author":[{"embeddable":true,"href":"https:\/\/sinaambalaj.com.tr\/en\/wp-json\/wp\/v2\/users\/1"}],"replies":[{"embeddable":true,"href":"https:\/\/sinaambalaj.com.tr\/en\/wp-json\/wp\/v2\/comments?post=2684"}],"version-history":[{"count":4,"href":"https:\/\/sinaambalaj.com.tr\/en\/wp-json\/wp\/v2\/pages\/2684\/revisions"}],"predecessor-version":[{"id":4206,"href":"https:\/\/sinaambalaj.com.tr\/en\/wp-json\/wp\/v2\/pages\/2684\/revisions\/4206"}],"wp:attachment":[{"href":"https:\/\/sinaambalaj.com.tr\/en\/wp-json\/wp\/v2\/media?parent=2684"}],"curies":[{"name":"wp","href":"https:\/\/api.w.org\/{rel}","templated":true}]}}