{"id":2,"date":"2024-08-20T12:56:38","date_gmt":"2024-08-20T09:56:38","guid":{"rendered":"https:\/\/sinaambalaj.com.tr\/?page_id=2"},"modified":"2024-09-05T16:35:53","modified_gmt":"2024-09-05T13:35:53","slug":"odeme-ve-teslimat","status":"publish","type":"page","link":"https:\/\/sinaambalaj.com.tr\/en\/odeme-ve-teslimat\/","title":{"rendered":"Payment and Delivery"},"content":{"rendered":"<div data-elementor-type=\"wp-page\" data-elementor-id=\"2\" class=\"elementor elementor-2\">\n\t\t\t\t<div class=\"elementor-element elementor-element-9a0bdbc e-flex e-con-boxed e-con e-parent\" data-id=\"9a0bdbc\" data-element_type=\"container\">\n\t\t\t\t\t<div class=\"e-con-inner\">\n\t\t\t\t<div class=\"elementor-element elementor-element-a98e5c2 elementor-widget elementor-widget-text-editor\" data-id=\"a98e5c2\" data-element_type=\"widget\" data-widget_type=\"text-editor.default\">\n\t\t\t\t<div class=\"elementor-widget-container\">\n\t\t\t\t\t\t\t<p><strong>Payment Options:<\/strong><\/p>\n<ol>\n<li>\n<p><strong>Payment via Money Order\/EFT:<\/strong> You can make your payment via bank transfer or EFT. After creating your order, you must complete the payment process. Our account information will be sent to you with your order confirmation. Your order will be processed once the payment is confirmed.<\/p>\n<\/li>\n<li>\n<p><strong>Payment by Credit\/Debit Card:<\/strong> You can make your payment using your credit or debit card with the secure payment infrastructure on our website. Your card information is protected by the secure payment provider.<\/p>\n<\/li>\n<\/ol>\n<p><strong>Delivery Information:<\/strong><\/p>\n<ul>\n<li>Delivery time may vary depending on your city and the cargo company's density.<\/li>\n<li>Your orders will be delivered to cargo within 1-3 business days OUTSIDE ISTANBUL after payment confirmation is received.<\/li>\n<li>Cargo WITHIN ISTANBUL for 5000 TL and OVER is included in the service program and delivered within 1-5 business days.<\/li>\n<li>When your order is shipped, you will be sent a cargo tracking number, so you can instantly follow the status of your order.<\/li>\n<\/ul>\n<p>As Sina G\u0131da and Ambalaj, we aim to deliver our quality products to you as quickly as possible. You can contact our customer service for any questions or problems regarding delivery.<\/p>\t\t\t\t\t\t<\/div>\n\t\t\t\t<\/div>\n\t\t\t\t\t<\/div>\n\t\t\t\t<\/div>\n\t\t\t\t<\/div>","protected":false},"excerpt":{"rendered":"<p>\u00d6deme Se\u00e7enekleri: Havale\/EFT ile \u00d6deme: \u00d6demenizi banka havalesi veya EFT yoluyla yapabilirsiniz. Sipari\u015finizi olu\u015fturduktan sonra \u00f6deme i\u015flemlerini tamamlaman\u0131z gerekmektedir. Hesap bilgilerimiz sipari\u015f onay\u0131n\u0131zla birlikte taraf\u0131n\u0131za iletilecektir. \u00d6deme onayland\u0131\u011f\u0131nda sipari\u015finiz i\u015fleme al\u0131nacakt\u0131r. Kredi\/Banka Kart\u0131 ile \u00d6deme: Web sitemiz \u00fczerinden g\u00fcvenli \u00f6deme altyap\u0131s\u0131 ile kredi veya banka kart\u0131n\u0131z\u0131 kullanarak \u00f6demenizi ger\u00e7ekle\u015ftirebilirsiniz. Kart bilgileriniz, g\u00fcvenli \u00f6deme sa\u011flay\u0131c\u0131s\u0131 taraf\u0131ndan<\/p>\n<div class=\"klb-readmore entry-button\"><a class=\"btn read-more\" href=\"https:\/\/sinaambalaj.com.tr\/en\/odeme-ve-teslimat\/\">Read More<\/a><\/div>","protected":false},"author":1,"featured_media":0,"parent":0,"menu_order":0,"comment_status":"closed","ping_status":"closed","template":"","meta":{"rank_math_lock_modified_date":false,"_joinchat":[],"footnotes":""},"class_list":["post-2","page","type-page","status-publish","hentry"],"_links":{"self":[{"href":"https:\/\/sinaambalaj.com.tr\/en\/wp-json\/wp\/v2\/pages\/2","targetHints":{"allow":["GET"]}}],"collection":[{"href":"https:\/\/sinaambalaj.com.tr\/en\/wp-json\/wp\/v2\/pages"}],"about":[{"href":"https:\/\/sinaambalaj.com.tr\/en\/wp-json\/wp\/v2\/types\/page"}],"author":[{"embeddable":true,"href":"https:\/\/sinaambalaj.com.tr\/en\/wp-json\/wp\/v2\/users\/1"}],"replies":[{"embeddable":true,"href":"https:\/\/sinaambalaj.com.tr\/en\/wp-json\/wp\/v2\/comments?post=2"}],"version-history":[{"count":4,"href":"https:\/\/sinaambalaj.com.tr\/en\/wp-json\/wp\/v2\/pages\/2\/revisions"}],"predecessor-version":[{"id":2899,"href":"https:\/\/sinaambalaj.com.tr\/en\/wp-json\/wp\/v2\/pages\/2\/revisions\/2899"}],"wp:attachment":[{"href":"https:\/\/sinaambalaj.com.tr\/en\/wp-json\/wp\/v2\/media?parent=2"}],"curies":[{"name":"wp","href":"https:\/\/api.w.org\/{rel}","templated":true}]}}