{"id":1985,"date":"2021-10-06T13:28:19","date_gmt":"2021-10-06T13:28:19","guid":{"rendered":"http:\/\/localhost\/machic\/?page_id=1985"},"modified":"2024-09-05T19:59:24","modified_gmt":"2024-09-05T16:59:24","slug":"iletisim","status":"publish","type":"page","link":"https:\/\/sinaambalaj.com.tr\/en\/iletisim\/","title":{"rendered":"COMMUNICATION"},"content":{"rendered":"<div data-elementor-type=\"wp-page\" data-elementor-id=\"1985\" class=\"elementor elementor-1985\">\n\t\t\t\t\t\t<section class=\"elementor-section elementor-top-section elementor-element elementor-element-677addc elementor-section-boxed elementor-section-height-default elementor-section-height-default\" data-id=\"677addc\" data-element_type=\"section\">\n\t\t\t\t\t\t<div class=\"elementor-container elementor-column-gap-extended\">\n\t\t\t\t\t<div class=\"elementor-column elementor-col-100 elementor-top-column elementor-element elementor-element-45b25de\" data-id=\"45b25de\" data-element_type=\"column\">\n\t\t\t<div class=\"elementor-widget-wrap elementor-element-populated\">\n\t\t\t\t\t\t<div class=\"elementor-element elementor-element-58f7dcf elementor-widget elementor-widget-machic-custom-title\" data-id=\"58f7dcf\" data-element_type=\"widget\" data-widget_type=\"machic-custom-title.default\">\n\t\t\t\t<div class=\"elementor-widget-container\">\n\t\t\t<div class=\"site-module module-title small\"><h4 class=\"entry-subtitle\"><\/h4><h1 class=\"entry-title\">CONTACT US<\/h1><\/div><!-- site-module -->\t\t<\/div>\n\t\t\t\t<\/div>\n\t\t\t\t\t<\/div>\n\t\t<\/div>\n\t\t\t\t\t<\/div>\n\t\t<\/section>\n\t\t\t\t<section class=\"elementor-section elementor-top-section elementor-element elementor-element-b487132 elementor-section-boxed elementor-section-height-default elementor-section-height-default\" data-id=\"b487132\" data-element_type=\"section\">\n\t\t\t\t\t\t<div class=\"elementor-container elementor-column-gap-extended\">\n\t\t\t\t\t<div class=\"elementor-column elementor-col-50 elementor-top-column elementor-element elementor-element-e0be4f4\" data-id=\"e0be4f4\" data-element_type=\"column\">\n\t\t\t<div class=\"elementor-widget-wrap elementor-element-populated\">\n\t\t\t\t\t\t<div class=\"elementor-element elementor-element-52f9fd2 elementor-widget elementor-widget-machic-address-box\" data-id=\"52f9fd2\" data-element_type=\"widget\" data-widget_type=\"machic-address-box.default\">\n\t\t\t\t<div class=\"elementor-widget-container\">\n\t\t\t<div class=\"address-detail\"><span class=\"country\"><\/span><h5 class=\"address-title\">ADDRESS<\/h5><p class=\"address\">Maltepe, Parima Plaza, Eski \u00c7\u0131rp\u0131c\u0131 Yolu No:8\/182, 34030 Zeytinburnu\/\u0130stanbul<\/p><p class=\"phone\"><a href=\"tel:0850 840 74 62\">0850 840 74 62<\/a><\/p><p class=\"email\"><a href=\"mailto:siparis@sinaambalaj.com\">siparis@sinaambalaj.com<\/a><\/p><\/div><!-- address-detail -->\t\t<\/div>\n\t\t\t\t<\/div>\n\t\t\t\t\t<\/div>\n\t\t<\/div>\n\t\t\t\t<div class=\"elementor-column elementor-col-50 elementor-top-column elementor-element elementor-element-1d9a975\" data-id=\"1d9a975\" data-element_type=\"column\">\n\t\t\t<div class=\"elementor-widget-wrap elementor-element-populated\">\n\t\t\t\t\t\t<div class=\"elementor-element elementor-element-4e7afea elementor-widget elementor-widget-machic-address-box\" data-id=\"4e7afea\" data-element_type=\"widget\" data-widget_type=\"machic-address-box.default\">\n\t\t\t\t<div class=\"elementor-widget-container\">\n\t\t\t<div class=\"address-detail\"><span class=\"country\">Factory Address<\/span><h5 class=\"address-title\">Address<\/h5><p class=\"address\">Velime\u015fe OSB Mah. 223.Sok. No:9\/6 A-47 59880 Ergene\/Tekirda\u011f<\/p><p class=\"phone\"><a href=\"tel:0850 840 74 62\">0850 840 74 62<\/a><\/p><p class=\"email\"><a href=\"mailto:siparis@sinaambalaj.com\">siparis@sinaambalaj.com<\/a><\/p><\/div><!-- address-detail -->\t\t<\/div>\n\t\t\t\t<\/div>\n\t\t\t\t\t<\/div>\n\t\t<\/div>\n\t\t\t\t\t<\/div>\n\t\t<\/section>\n\t\t\t\t<section class=\"elementor-section elementor-top-section elementor-element elementor-element-187d03f elementor-section-boxed elementor-section-height-default elementor-section-height-default\" data-id=\"187d03f\" data-element_type=\"section\">\n\t\t\t\t\t\t<div class=\"elementor-container elementor-column-gap-extended\">\n\t\t\t\t\t<div class=\"elementor-column elementor-col-33 elementor-top-column elementor-element elementor-element-62d71e4\" data-id=\"62d71e4\" data-element_type=\"column\">\n\t\t\t<div class=\"elementor-widget-wrap elementor-element-populated\">\n\t\t\t\t\t\t<div class=\"elementor-element elementor-element-71fe4e1 elementor-widget elementor-widget-image\" data-id=\"71fe4e1\" data-element_type=\"widget\" data-widget_type=\"image.default\">\n\t\t\t\t<div class=\"elementor-widget-container\">\n\t\t\t\t\t\t\t\t\t\t\t\t\t<img fetchpriority=\"high\" decoding=\"async\" width=\"734\" height=\"523\" src=\"https:\/\/sinaambalaj.com.tr\/wp-content\/uploads\/2024\/08\/sinalogo-2.png\" class=\"attachment-full size-full wp-image-2607\" alt=\"\" srcset=\"https:\/\/sinaambalaj.com.tr\/wp-content\/uploads\/2024\/08\/sinalogo-2.png 734w, https:\/\/sinaambalaj.com.tr\/wp-content\/uploads\/2024\/08\/sinalogo-2-76x54.png 76w, https:\/\/sinaambalaj.com.tr\/wp-content\/uploads\/2024\/08\/sinalogo-2-600x428.png 600w, https:\/\/sinaambalaj.com.tr\/wp-content\/uploads\/2024\/08\/sinalogo-2-300x214.png 300w\" sizes=\"(max-width: 734px) 100vw, 734px\" \/>\t\t\t\t\t\t\t\t\t\t\t\t\t<\/div>\n\t\t\t\t<\/div>\n\t\t\t\t\t<\/div>\n\t\t<\/div>\n\t\t\t\t<div class=\"elementor-column elementor-col-33 elementor-top-column elementor-element elementor-element-e2c097e elementor-hidden-tablet elementor-hidden-mobile\" data-id=\"e2c097e\" data-element_type=\"column\">\n\t\t\t<div class=\"elementor-widget-wrap\">\n\t\t\t\t\t\t\t<\/div>\n\t\t<\/div>\n\t\t\t\t<div class=\"elementor-column elementor-col-33 elementor-top-column elementor-element elementor-element-fa6036d\" data-id=\"fa6036d\" data-element_type=\"column\">\n\t\t\t<div class=\"elementor-widget-wrap elementor-element-populated\">\n\t\t\t\t\t\t<div class=\"elementor-element elementor-element-4178a16 elementor-widget elementor-widget-machic-contact-form-7\" data-id=\"4178a16\" data-element_type=\"widget\" data-widget_type=\"machic-contact-form-7.default\">\n\t\t\t\t<div class=\"elementor-widget-container\">\n\t\t\t<div class=\"contact-form\"><h3 class=\"entry-title\">COMMUNICATION<\/h3><p>you can contact us<\/p>\n<div class=\"wpcf7 no-js\" id=\"wpcf7-f2012-o1\" lang=\"en-US\" dir=\"ltr\">\n<div class=\"screen-reader-response\"><p role=\"status\" aria-live=\"polite\" aria-atomic=\"true\"><\/p> <ul><\/ul><\/div>\n<form action=\"\/wp-json\/wp\/v2\/pages\/1985\" method=\"post\" class=\"wpcf7-form init\" aria-label=\"Contact form\" novalidate=\"novalidate\" data-status=\"init\" data-trp-original-action=\"\/en\/wp-json\/wp\/v2\/pages\/1985#wpcf7-f2012-o1\">\n<div style=\"display: none;\">\n<input type=\"hidden\" name=\"_wpcf7\" value=\"2012\" \/>\n<input type=\"hidden\" name=\"_wpcf7_version\" value=\"5.9.8\" \/>\n<input type=\"hidden\" name=\"_wpcf7_locale\" value=\"en_US\" \/>\n<input type=\"hidden\" name=\"_wpcf7_unit_tag\" value=\"wpcf7-f2012-o1\" \/>\n<input type=\"hidden\" name=\"_wpcf7_container_post\" value=\"0\" \/>\n<input type=\"hidden\" name=\"_wpcf7_posted_data_hash\" value=\"\" \/>\n<\/div>\n<h2>Sipari\u015f Formu\n<\/h2>\n<p><label>Geni\u015flik (Tek kat) (cm)<br \/>\n<span class=\"wpcf7-form-control-wrap\" data-name=\"width\"><input class=\"wpcf7-form-control wpcf7-number wpcf7-validates-as-required wpcf7-validates-as-number\" min=\"0.5\" max=\"50\" step=\"0.01\" aria-required=\"true\" aria-invalid=\"false\" value=\"\" type=\"number\" name=\"width\" \/><\/span><br \/>\n<\/label>\n<\/p>\n<p><label>Uzunluk (cm)<br \/>\n<span class=\"wpcf7-form-control-wrap\" data-name=\"length\"><input class=\"wpcf7-form-control wpcf7-number wpcf7-validates-as-required wpcf7-validates-as-number\" min=\"0.5\" max=\"50\" step=\"0.01\" aria-required=\"true\" aria-invalid=\"false\" value=\"\" type=\"number\" name=\"length\" \/><\/span><br \/>\n<\/label>\n<\/p>\n<p><label>Talep Edilen Miktar<br \/>\n<span class=\"wpcf7-form-control-wrap\" data-name=\"quantity\"><input class=\"wpcf7-form-control wpcf7-number wpcf7-validates-as-required wpcf7-validates-as-number\" min=\"1\" aria-required=\"true\" aria-invalid=\"false\" value=\"\" type=\"number\" name=\"quantity\" \/><\/span><br \/>\n<\/label>\n<\/p>\n<p><label>Ad Soyad<br \/>\n<span class=\"wpcf7-form-control-wrap\" data-name=\"fullname\"><input size=\"40\" maxlength=\"400\" class=\"wpcf7-form-control wpcf7-text wpcf7-validates-as-required\" aria-required=\"true\" aria-invalid=\"false\" value=\"\" type=\"text\" name=\"fullname\" \/><\/span><br \/>\n<\/label>\n<\/p>\n<p><label>Telefon<br \/>\n<span class=\"wpcf7-form-control-wrap\" data-name=\"phone\"><input size=\"40\" maxlength=\"400\" class=\"wpcf7-form-control wpcf7-tel wpcf7-validates-as-required wpcf7-text wpcf7-validates-as-tel\" aria-required=\"true\" aria-invalid=\"false\" value=\"\" type=\"tel\" name=\"phone\" \/><\/span><br \/>\n<\/label>\n<\/p>\n<p><label>E-posta<br \/>\n<span class=\"wpcf7-form-control-wrap\" data-name=\"email\"><input size=\"40\" maxlength=\"400\" class=\"wpcf7-form-control wpcf7-email wpcf7-validates-as-required wpcf7-text wpcf7-validates-as-email\" aria-required=\"true\" aria-invalid=\"false\" value=\"\" type=\"email\" name=\"email\" \/><\/span><br \/>\n<\/label>\n<\/p>\n<p><input class=\"wpcf7-form-control wpcf7-submit has-spinner\" type=\"submit\" value=\"G\u00f6nder\" \/>\n<\/p><div class=\"wpcf7-response-output\" aria-hidden=\"true\"><\/div>\n<input type=\"hidden\" name=\"trp-form-language\" value=\"en\"\/><\/form>\n<\/div>\n<\/div><!-- contact-form -->\t\t<\/div>\n\t\t\t\t<\/div>\n\t\t\t\t\t<\/div>\n\t\t<\/div>\n\t\t\t\t\t<\/div>\n\t\t<\/section>\n\t\t\t\t<\/div>","protected":false},"excerpt":{"rendered":"<p>B\u0130Z\u0130MLE \u0130LET\u0130\u015e\u0130ME GE\u00c7\u0130N ADRES Maltepe, Parima Plaza, Eski \u00c7\u0131rp\u0131c\u0131 Yolu No:8\/182, 34030 Zeytinburnu\/\u0130stanbul 0850 840 74 62 siparis@sinaambalaj.com Fabrika Adresi Adres Velime\u015fe OSB Mah. 223.Sok. No:9\/6 A-47 59880 Ergene\/Tekirda\u011f 0850 840 74 62 siparis@sinaambalaj.com \u0130LET\u0130\u015e\u0130M bizimle ileti\u015fime ge\u00e7ebilirsiniz Your name * Your email * Subject * Your message<\/p>","protected":false},"author":1,"featured_media":0,"parent":0,"menu_order":0,"comment_status":"closed","ping_status":"closed","template":"","meta":{"rank_math_lock_modified_date":false,"_joinchat":[],"footnotes":""},"class_list":["post-1985","page","type-page","status-publish","hentry"],"_links":{"self":[{"href":"https:\/\/sinaambalaj.com.tr\/en\/wp-json\/wp\/v2\/pages\/1985","targetHints":{"allow":["GET"]}}],"collection":[{"href":"https:\/\/sinaambalaj.com.tr\/en\/wp-json\/wp\/v2\/pages"}],"about":[{"href":"https:\/\/sinaambalaj.com.tr\/en\/wp-json\/wp\/v2\/types\/page"}],"author":[{"embeddable":true,"href":"https:\/\/sinaambalaj.com.tr\/en\/wp-json\/wp\/v2\/users\/1"}],"replies":[{"embeddable":true,"href":"https:\/\/sinaambalaj.com.tr\/en\/wp-json\/wp\/v2\/comments?post=1985"}],"version-history":[{"count":5,"href":"https:\/\/sinaambalaj.com.tr\/en\/wp-json\/wp\/v2\/pages\/1985\/revisions"}],"predecessor-version":[{"id":2917,"href":"https:\/\/sinaambalaj.com.tr\/en\/wp-json\/wp\/v2\/pages\/1985\/revisions\/2917"}],"wp:attachment":[{"href":"https:\/\/sinaambalaj.com.tr\/en\/wp-json\/wp\/v2\/media?parent=1985"}],"curies":[{"name":"wp","href":"https:\/\/api.w.org\/{rel}","templated":true}]}}