{"id":1899,"date":"2021-10-06T11:20:26","date_gmt":"2021-10-06T11:20:26","guid":{"rendered":"http:\/\/localhost\/machic\/?page_id=1899"},"modified":"2024-09-06T11:32:12","modified_gmt":"2024-09-06T08:32:12","slug":"hakkimizda","status":"publish","type":"page","link":"https:\/\/sinaambalaj.com.tr\/en\/hakkimizda\/","title":{"rendered":"About us"},"content":{"rendered":"<div data-elementor-type=\"wp-page\" data-elementor-id=\"1899\" class=\"elementor elementor-1899\">\n\t\t\t\t\t\t<section class=\"elementor-section elementor-top-section elementor-element elementor-element-a5f5515 elementor-section-full_width elementor-section-height-default elementor-section-height-default\" data-id=\"a5f5515\" data-element_type=\"section\">\n\t\t\t\t\t\t<div class=\"elementor-container elementor-column-gap-extended\">\n\t\t\t\t\t<div class=\"elementor-column elementor-col-33 elementor-top-column elementor-element elementor-element-485e3b2\" data-id=\"485e3b2\" data-element_type=\"column\">\n\t\t\t<div class=\"elementor-widget-wrap elementor-element-populated\">\n\t\t\t\t\t\t<div class=\"elementor-element elementor-element-354f072 elementor-widget elementor-widget-machic-custom-title\" data-id=\"354f072\" data-element_type=\"widget\" data-widget_type=\"machic-custom-title.default\">\n\t\t\t\t<div class=\"elementor-widget-container\">\n\t\t\t<div class=\"site-module module-title\"><h4 class=\"entry-subtitle\"><\/h4><h1 class=\"entry-title\"><\/h1><div class=\"entry-content\"><p><\/p><\/div><!-- entry-content --><\/div><!-- site-module -->\t\t<\/div>\n\t\t\t\t<\/div>\n\t\t\t\t\t<\/div>\n\t\t<\/div>\n\t\t\t\t<div class=\"elementor-column elementor-col-33 elementor-top-column elementor-element elementor-element-6cd6b07\" data-id=\"6cd6b07\" data-element_type=\"column\">\n\t\t\t<div class=\"elementor-widget-wrap elementor-element-populated\">\n\t\t\t\t\t\t<div class=\"elementor-element elementor-element-ef53a64 elementor-widget elementor-widget-machic-custom-title\" data-id=\"ef53a64\" data-element_type=\"widget\" data-widget_type=\"machic-custom-title.default\">\n\t\t\t\t<div class=\"elementor-widget-container\">\n\t\t\t<div class=\"site-module module-title\"><h4 class=\"entry-subtitle\"><\/h4><h1 class=\"entry-title\">ABOUT US<\/h1><div class=\"entry-content\"><p><\/p><\/div><!-- entry-content --><\/div><!-- site-module -->\t\t<\/div>\n\t\t\t\t<\/div>\n\t\t\t\t\t<\/div>\n\t\t<\/div>\n\t\t\t\t<div class=\"elementor-column elementor-col-33 elementor-top-column elementor-element elementor-element-4ff6c9b\" data-id=\"4ff6c9b\" data-element_type=\"column\">\n\t\t\t<div class=\"elementor-widget-wrap elementor-element-populated\">\n\t\t\t\t\t\t<div class=\"elementor-element elementor-element-7547e13 elementor-widget elementor-widget-machic-custom-title\" data-id=\"7547e13\" data-element_type=\"widget\" data-widget_type=\"machic-custom-title.default\">\n\t\t\t\t<div class=\"elementor-widget-container\">\n\t\t\t<div class=\"site-module module-title\"><h4 class=\"entry-subtitle\"><\/h4><h1 class=\"entry-title\"><\/h1><div class=\"entry-content\"><p><\/p><\/div><!-- entry-content --><\/div><!-- site-module -->\t\t<\/div>\n\t\t\t\t<\/div>\n\t\t\t\t\t<\/div>\n\t\t<\/div>\n\t\t\t\t\t<\/div>\n\t\t<\/section>\n\t\t\t\t<section class=\"elementor-section elementor-top-section elementor-element elementor-element-1298d0a elementor-section-boxed elementor-section-height-default elementor-section-height-default\" data-id=\"1298d0a\" data-element_type=\"section\">\n\t\t\t\t\t\t<div class=\"elementor-container elementor-column-gap-extended\">\n\t\t\t\t\t<div class=\"elementor-column elementor-col-100 elementor-top-column elementor-element elementor-element-1d97292\" data-id=\"1d97292\" data-element_type=\"column\">\n\t\t\t<div class=\"elementor-widget-wrap\">\n\t\t\t\t\t\t\t<\/div>\n\t\t<\/div>\n\t\t\t\t\t<\/div>\n\t\t<\/section>\n\t\t\t\t<section class=\"elementor-section elementor-top-section elementor-element elementor-element-d98b4da elementor-section-boxed elementor-section-height-default elementor-section-height-default\" data-id=\"d98b4da\" data-element_type=\"section\">\n\t\t\t\t\t\t<div class=\"elementor-container elementor-column-gap-extended\">\n\t\t\t\t\t<div class=\"elementor-column elementor-col-33 elementor-top-column elementor-element elementor-element-aa4a269\" data-id=\"aa4a269\" data-element_type=\"column\">\n\t\t\t<div class=\"elementor-widget-wrap elementor-element-populated\">\n\t\t\t\t\t\t<div class=\"elementor-element elementor-element-da62a90 elementor-widget elementor-widget-image\" data-id=\"da62a90\" data-element_type=\"widget\" data-widget_type=\"image.default\">\n\t\t\t\t<div class=\"elementor-widget-container\">\n\t\t\t\t\t\t\t\t\t\t\t\t\t<img fetchpriority=\"high\" decoding=\"async\" width=\"1357\" height=\"1920\" src=\"https:\/\/sinaambalaj.com.tr\/wp-content\/uploads\/2024\/09\/bannerdoypack.jpg\" class=\"attachment-full size-full wp-image-2923\" alt=\"\" srcset=\"https:\/\/sinaambalaj.com.tr\/wp-content\/uploads\/2024\/09\/bannerdoypack.jpg 1357w, https:\/\/sinaambalaj.com.tr\/wp-content\/uploads\/2024\/09\/bannerdoypack-212x300.jpg 212w, https:\/\/sinaambalaj.com.tr\/wp-content\/uploads\/2024\/09\/bannerdoypack-724x1024.jpg 724w, https:\/\/sinaambalaj.com.tr\/wp-content\/uploads\/2024\/09\/bannerdoypack-768x1086.jpg 768w, https:\/\/sinaambalaj.com.tr\/wp-content\/uploads\/2024\/09\/bannerdoypack-1086x1536.jpg 1086w, https:\/\/sinaambalaj.com.tr\/wp-content\/uploads\/2024\/09\/bannerdoypack-600x849.jpg 600w, https:\/\/sinaambalaj.com.tr\/wp-content\/uploads\/2024\/09\/bannerdoypack-38x54.jpg 38w\" sizes=\"(max-width: 1357px) 100vw, 1357px\" \/>\t\t\t\t\t\t\t\t\t\t\t\t\t<\/div>\n\t\t\t\t<\/div>\n\t\t\t\t\t<\/div>\n\t\t<\/div>\n\t\t\t\t<div class=\"elementor-column elementor-col-33 elementor-top-column elementor-element elementor-element-248f981\" data-id=\"248f981\" data-element_type=\"column\">\n\t\t\t<div class=\"elementor-widget-wrap\">\n\t\t\t\t\t\t\t<\/div>\n\t\t<\/div>\n\t\t\t\t<div class=\"elementor-column elementor-col-33 elementor-top-column elementor-element elementor-element-6894683\" data-id=\"6894683\" data-element_type=\"column\">\n\t\t\t<div class=\"elementor-widget-wrap elementor-element-populated\">\n\t\t\t\t\t\t<div class=\"elementor-element elementor-element-a6b48cc elementor-widget elementor-widget-text-editor\" data-id=\"a6b48cc\" data-element_type=\"widget\" data-widget_type=\"text-editor.default\">\n\t\t\t\t<div class=\"elementor-widget-container\">\n\t\t\t\t\t\t\t<div class=\"elementor-element elementor-element-ad1f0f3 e-con-full e-flex kitify-col-width-auto-no ignore-docs-style-no kitify-disable-relative-no kitify-has-entrance-animation e-con e-child animated kitifyShortFadeInUp\" data-id=\"ad1f0f3\" data-element_type=\"container\" data-settings=\"{&quot;animation&quot;:&quot;kitifyShortFadeInUp&quot;}\"><div class=\"elementor-element elementor-element-775ffa0 kitify-equal-height-disable elementor-widget kitify elementor-kitify-image-box\" data-id=\"775ffa0\" data-element_type=\"widget\" data-widget_type=\"kitify-image-box.default\"><div class=\"elementor-widget-container\"><div class=\"kitify-imagebox text-center kitify-imagebox__content-align-center hover-border-bottom hover_from_right\"><div class=\"kitify-imagebox__body\"><div class=\"kitify-imagebox__body_inner\"><div class=\"kitify-imagebox__desc\">As Sina G\u0131da and Ambalaj, we closely follow the innovations in the sector and constantly improve ourselves to provide you with the best service. With our customer satisfaction-oriented working approach, gaining your trust is our top priority. Thank you for choosing us. We are proud to serve you with our quality and reliable products.<\/div><\/div><div><div class=\"elementor-element elementor-element-56387a0 e-con-full e-flex kitify-col-width-auto-no ignore-docs-style-no kitify-disable-relative-no e-root-container elementor-top-section e-con e-parent e-lazyloaded\" data-id=\"56387a0\" data-element_type=\"container\"><div class=\"elementor-element elementor-element-cf45de6 e-con-full e-flex kitify-col-width-auto-no ignore-docs-style-no kitify-disable-relative-no e-con e-child\" data-id=\"cf45de6\" data-element_type=\"container\"><div class=\"elementor-element elementor-element-80fd2c8 kitify-has-entrance-animation elementor-widget elementor-widget-heading animated kitifyShortFadeInUp\" data-id=\"80fd2c8\" data-element_type=\"widget\" data-settings=\"{&quot;_animation&quot;:&quot;kitifyShortFadeInUp&quot;,&quot;_animation_delay&quot;:400}\" data-widget_type=\"heading.default\"><div class=\"elementor-widget-container\"><h2 class=\"elementor-heading-title elementor-size-default\">2019 to present<\/h2><\/div><\/div><div class=\"elementor-element elementor-element-07d6d8b kitify-has-entrance-animation elementor-widget elementor-widget-heading animated kitifyShortFadeInUp\" data-id=\"07d6d8b\" data-element_type=\"widget\" data-settings=\"{&quot;_animation&quot;:&quot;kitifyShortFadeInUp&quot;,&quot;_animation_delay&quot;:500}\" data-widget_type=\"heading.default\"><div class=\"elementor-widget-container\"><p class=\"elementor-heading-title elementor-size-default\">As Sina Food and Packaging, we always provide service by keeping customer satisfaction and quality at the forefront. We aim to offer the best products to our valued customers with years of experience and confidence in the food and packaging industries.<\/p><\/div><\/div><div class=\"elementor-element elementor-element-187b67a e-flex e-con-boxed kitify-col-width-auto-no ignore-docs-style-no kitify-disable-relative-no kitify-has-entrance-animation e-con e-child animated kitifyShortFadeInUp\" data-id=\"187b67a\" data-element_type=\"container\" data-settings=\"{&quot;animation&quot;:&quot;kitifyShortFadeInUp&quot;,&quot;animation_delay&quot;:800}\"><div class=\"e-con-inner\"><div class=\"elementor-element elementor-element-9652f10 e-con-full e-flex kitify-col-width-auto-no ignore-docs-style-no kitify-disable-relative-no e-con e-child\" data-id=\"9652f10\" data-element_type=\"container\"><div class=\"elementor-element elementor-element-80c737e elementor-view-framed elementor-position-left elementor-shape-circle elementor-mobile-position-top elementor-vertical-align-top kitify-has-entrance-animation elementor-widget elementor-widget-icon-box animated kitifyShortFadeInUp\" data-id=\"80c737e\" data-element_type=\"widget\" data-settings=\"{&quot;_animation&quot;:&quot;kitifyShortFadeInUp&quot;,&quot;_animation_delay&quot;:600}\" data-widget_type=\"icon-box.default\"><div class=\"elementor-widget-container\"><div class=\"elementor-icon-box-wrapper\"><div class=\"elementor-icon-box-icon\">\u00a0<\/div><div class=\"elementor-icon-box-content\"><h3 class=\"elementor-icon-box-title\">food products<\/h3><p class=\"elementor-icon-box-description\">In our food section, we offer you healthy and delicious options with our olive oil and spice varieties that stand out with their naturalness and taste. Our products are produced carefully using the highest quality raw materials and reach your tables.<\/p><\/div><\/div><\/div><\/div><div class=\"elementor-element elementor-element-df05420 elementor-widget elementor-widget-text-editor\" data-id=\"df05420\" data-element_type=\"widget\" data-widget_type=\"text-editor.default\"><div class=\"elementor-widget-container\"><ul><li><strong>Olive oil<\/strong>: Our olive oil, obtained from the freshest olives, adds flavor to your tables naturally and without additives.<\/li><li><strong>Spices<\/strong>: Our various spices that add taste and aroma to your meals are carefully selected and packaged.<\/li><\/ul><\/div><\/div><\/div><div class=\"elementor-element elementor-element-ab8c27c e-con-full e-flex kitify-col-width-auto-no ignore-docs-style-no kitify-disable-relative-no e-con e-child\" data-id=\"ab8c27c\" data-element_type=\"container\"><div class=\"elementor-element elementor-element-3ac1b05 elementor-view-framed elementor-position-left elementor-shape-circle elementor-mobile-position-top elementor-vertical-align-top kitify-has-entrance-animation elementor-widget elementor-widget-icon-box animated kitifyShortFadeInUp\" data-id=\"3ac1b05\" data-element_type=\"widget\" data-settings=\"{&quot;_animation&quot;:&quot;kitifyShortFadeInUp&quot;,&quot;_animation_delay&quot;:600}\" data-widget_type=\"icon-box.default\"><div class=\"elementor-widget-container\"><div class=\"elementor-icon-box-wrapper\"><div class=\"elementor-icon-box-icon\">\u00a0<\/div><div class=\"elementor-icon-box-content\"><h3 class=\"elementor-icon-box-title\">packaging products<\/h3><p class=\"elementor-icon-box-description\">In our packaging department, we offer solutions to suit all your needs. With our wide product range, we ensure that your packaging processes are more practical and efficient.<\/p><\/div><\/div><\/div><\/div><div class=\"elementor-element elementor-element-4d77e90 elementor-widget elementor-widget-text-editor\" data-id=\"4d77e90\" data-element_type=\"widget\" data-widget_type=\"text-editor.default\"><div class=\"elementor-widget-container\"><ul><li><strong>Tape<\/strong>: Our strong adhesive tapes can be used safely in all kinds of packaging and fixing jobs.<\/li><li><strong>stretch<\/strong>: Our flexible and durable stretch films ensure the safety of your products.<\/li><li><strong>Doypack Products<\/strong>: Our innovative and practical doypack packaging preserves the freshness of your products.<\/li><li><strong>Laminated Roll<\/strong>: Our quality and durable laminated rolls offer suitable solutions for your packaging needs.<\/li><li><strong>Shrink Nylon<\/strong>: Our heat shrinkable shrink nylons ensure the safety of your products during transportation and storage.<\/li><\/ul><\/div><\/div><\/div><\/div><\/div><\/div><\/div><div class=\"elementor-element elementor-element-7abc9cc e-flex e-con-boxed kitify-col-width-auto-no ignore-docs-style-no kitify-disable-relative-no e-root-container elementor-top-section e-con e-parent e-lazyloaded\" data-id=\"7abc9cc\" data-element_type=\"container\" data-settings=\"{&quot;background_background&quot;:&quot;classic&quot;}\"><div class=\"e-con-inner\"><div class=\"elementor-element elementor-element-85d0803 e-con-full e-flex kitify-col-width-auto-no ignore-docs-style-no kitify-disable-relative-no kitify-has-entrance-animation e-con e-child animated kitifyShortFadeInUp\" data-id=\"85d0803\" data-element_type=\"container\" data-settings=\"{&quot;background_background&quot;:&quot;classic&quot;,&quot;position&quot;:&quot;absolute&quot;,&quot;animation&quot;:&quot;kitifyShortFadeInUp&quot;}\"><div class=\"elementor-element elementor-element-478aff0 enable-original-size-true bannerlist--preset-default custom-carousel-preset-default kitify-carousel-item-effect-slide elementor-widget kitify elementor-kitify-banner-list e-widget-swiper\" data-id=\"478aff0\" data-element_type=\"widget\" data-widget_type=\"kitify-banner-list.default\"><div class=\"elementor-widget-container\"><div class=\"kitify-bannerlist layout-type-flat preset-default kitify-carousel inited\" dir=\"ltr\" data-item_selector=\".kitify-bannerlist__item\" data-slider_options=\"{&quot;slidesToScroll&quot;:{&quot;desktop&quot;:&quot;1&quot;,&quot;laptop&quot;:&quot;1&quot;,&quot;tablet&quot;:&quot;1&quot;,&quot;mobile_extra&quot;:&quot;1&quot;},&quot;rows&quot;:{&quot;desktop&quot;:&quot;1&quot;,&quot;laptop&quot;:&quot;1&quot;,&quot;tablet&quot;:&quot;1&quot;,&quot;mobile_extra&quot;:&quot;1&quot;},&quot;autoplaySpeed&quot;:5000,&quot;autoplay&quot;:true,&quot;infinite&quot;:true,&quot;centerMode&quot;:false,&quot;pauseOnHover&quot;:false,&quot;pauseOnInteraction&quot;:false,&quot;reverseDirection&quot;:false,&quot;infiniteEffect&quot;:false,&quot;speed&quot;:500,&quot;arrows&quot;:false,&quot;dots&quot;:false,&quot;variableWidth&quot;:false,&quot;prevArrow&quot;:&quot;.kitify-carousel__prev-arrow-478aff0&quot;,&quot;nextArrow&quot;:&quot;.kitify-carousel__next-arrow-478aff0&quot;,&quot;dotsElm&quot;:&quot;.kitify-carousel__dots_478aff0&quot;,&quot;rtl&quot;:false,&quot;effect&quot;:&quot;slide&quot;,&quot;coverflowEffect&quot;:{&quot;rotate&quot;:null,&quot;stretch&quot;:null,&quot;depth&quot;:null,&quot;modifier&quot;:null,&quot;slideShadows&quot;:null},&quot;dotType&quot;:&quot;bullets&quot;,&quot;direction&quot;:&quot;horizontal&quot;,&quot;uniqueID&quot;:&quot;kitify_carousel_478aff0&quot;,&quot;asFor&quot;:&quot;&quot;,&quot;autoHeight&quot;:false,&quot;slidesToShow&quot;:{&quot;desktop&quot;:&quot;5&quot;,&quot;mobile&quot;:&quot;2&quot;,&quot;mobile_extra&quot;:&quot;4&quot;,&quot;laptop&quot;:&quot;5&quot;,&quot;tablet&quot;:&quot;5&quot;}}\"><div class=\"kitify-carousel-inner\"><div id=\"kitify_carousel_478aff0\" class=\"kitify-bannerlist__list_wrapper swiper-container swiper-initialized swiper-horizontal swiper-pointer-events swiper-watch-progress\"><div id=\"swiper-wrapper-d9e5f557910e184fd\" class=\"kitify-bannerlist__list swiper-wrapper\" aria-live=\"off\"><div class=\"elementor-repeater-item-6815152 kitify-bannerlist__item swiper-slide col-desk-5 col-mob-2 col-tabp-4 col-lap-5 col-tab-5 swiper-slide-duplicate swiper-slide-duplicate-active\" role=\"group\" data-swiper-slide-index=\"0\" aria-label=\"1 \/ 5\"><div class=\"kitify-bannerlist__inner\">\u00a0<\/div><\/div><\/div><\/div><\/div><\/div><\/div><\/div><\/div><\/div><\/div><\/div><\/div><\/div><\/div><\/div><\/div><div class=\"elementor-element elementor-element-cf45de6 e-con-full e-flex kitify-col-width-auto-no ignore-docs-style-no kitify-disable-relative-no e-con e-child\" data-id=\"cf45de6\" data-element_type=\"container\"><div class=\"elementor-element elementor-element-80fd2c8 kitify-has-entrance-animation elementor-widget elementor-widget-heading animated kitifyShortFadeInUp\" data-id=\"80fd2c8\" data-element_type=\"widget\" data-settings=\"{&quot;_animation&quot;:&quot;kitifyShortFadeInUp&quot;,&quot;_animation_delay&quot;:400}\" data-widget_type=\"heading.default\"><div class=\"elementor-widget-container\">\u00a0<\/div><\/div><\/div>\t\t\t\t\t\t<\/div>\n\t\t\t\t<\/div>\n\t\t\t\t\t<\/div>\n\t\t<\/div>\n\t\t\t\t\t<\/div>\n\t\t<\/section>\n\t\t\t\t<\/div>","protected":false},"excerpt":{"rendered":"<p>HAKKIMIZDA Sina G\u0131da ve Ambalaj olarak, sekt\u00f6rdeki yenilikleri yak\u0131ndan takip ediyor ve sizlere en iyi hizmeti sunmak i\u00e7in s\u00fcrekli olarak kendimizi geli\u015ftiriyoruz. M\u00fc\u015fteri memnuniyeti odakl\u0131 \u00e7al\u0131\u015fma anlay\u0131\u015f\u0131m\u0131zla, sizlerin g\u00fcvenini kazanmak en b\u00fcy\u00fck \u00f6nceli\u011fimizdir. Bizi tercih etti\u011finiz i\u00e7in te\u015fekk\u00fcr ederiz. Kaliteli ve g\u00fcvenilir \u00fcr\u00fcnlerimizle sizlere hizmet vermekten gurur duyuyoruz. 2019&#8217;dan g\u00fcn\u00fcm\u00fcze Sina G\u0131da ve Ambalaj olarak,<\/p>\n<div class=\"klb-readmore entry-button\"><a class=\"btn read-more\" href=\"https:\/\/sinaambalaj.com.tr\/en\/hakkimizda\/\">Read More<\/a><\/div>","protected":false},"author":1,"featured_media":0,"parent":0,"menu_order":0,"comment_status":"closed","ping_status":"closed","template":"","meta":{"rank_math_lock_modified_date":false,"_joinchat":[],"footnotes":""},"class_list":["post-1899","page","type-page","status-publish","hentry"],"_links":{"self":[{"href":"https:\/\/sinaambalaj.com.tr\/en\/wp-json\/wp\/v2\/pages\/1899","targetHints":{"allow":["GET"]}}],"collection":[{"href":"https:\/\/sinaambalaj.com.tr\/en\/wp-json\/wp\/v2\/pages"}],"about":[{"href":"https:\/\/sinaambalaj.com.tr\/en\/wp-json\/wp\/v2\/types\/page"}],"author":[{"embeddable":true,"href":"https:\/\/sinaambalaj.com.tr\/en\/wp-json\/wp\/v2\/users\/1"}],"replies":[{"embeddable":true,"href":"https:\/\/sinaambalaj.com.tr\/en\/wp-json\/wp\/v2\/comments?post=1899"}],"version-history":[{"count":14,"href":"https:\/\/sinaambalaj.com.tr\/en\/wp-json\/wp\/v2\/pages\/1899\/revisions"}],"predecessor-version":[{"id":2933,"href":"https:\/\/sinaambalaj.com.tr\/en\/wp-json\/wp\/v2\/pages\/1899\/revisions\/2933"}],"wp:attachment":[{"href":"https:\/\/sinaambalaj.com.tr\/en\/wp-json\/wp\/v2\/media?parent=1899"}],"curies":[{"name":"wp","href":"https:\/\/api.w.org\/{rel}","templated":true}]}}